{"id":1098,"date":"2016-08-19T11:40:50","date_gmt":"2016-08-19T09:40:50","guid":{"rendered":"https:\/\/www.depre.de\/?page_id=1098"},"modified":"2026-01-15T13:37:00","modified_gmt":"2026-01-15T12:37:00","slug":"peter-depre-2","status":"publish","type":"page","link":"https:\/\/www.depre.de\/en\/ueber-uns\/rechtsanwaelte\/peter-depre-2\/","title":{"rendered":"Peter Depr\u00e9"},"content":{"rendered":"<div id=\"pl-1098\"  class=\"panel-layout\" ><div id=\"pg-1098-0\"  class=\"panel-grid panel-has-style\" ><div class=\"topline panel-row-style panel-row-style-for-1098-0\" ><div id=\"pgc-1098-0-0\"  class=\"panel-grid-cell\" ><div id=\"panel-1098-0-0-0\" class=\"so-panel widget widget_sow-image panel-first-child panel-last-child\" data-index=\"0\" ><div\n\t\t\t\n\t\t\tclass=\"so-widget-sow-image so-widget-sow-image-default-8b5b6f678277-1098\"\n\t\t\t\n\t\t>\n<div class=\"sow-image-container\">\n\t\t<img \n\tsrc=\"https:\/\/www.depre.de\/wp-content\/uploads\/2016\/10\/Depre_Portrait-768x1080.jpg\" width=\"768\" height=\"1080\" srcset=\"https:\/\/www.depre.de\/wp-content\/uploads\/2016\/10\/Depre_Portrait-768x1080.jpg 768w, https:\/\/www.depre.de\/wp-content\/uploads\/2016\/10\/Depre_Portrait-213x300.jpg 213w, https:\/\/www.depre.de\/wp-content\/uploads\/2016\/10\/Depre_Portrait-728x1024.jpg 728w, https:\/\/www.depre.de\/wp-content\/uploads\/2016\/10\/Depre_Portrait.jpg 1258w\" sizes=\"(max-width: 768px) 85vw, 768px\" title=\"depre_portrait\" alt=\"\" \t\tclass=\"so-widget-image\"\/>\n\t<\/div>\n\n<\/div><\/div><\/div><div id=\"pgc-1098-0-1\"  class=\"panel-grid-cell\" ><div id=\"panel-1098-0-1-0\" class=\"so-panel widget widget_sow-editor panel-first-child panel-last-child\" data-index=\"1\" ><div\n\t\t\t\n\t\t\tclass=\"so-widget-sow-editor so-widget-sow-editor-base\"\n\t\t\t\n\t\t>\n<div class=\"siteorigin-widget-tinymce textwidget\">\n\t<\/p>\n<h4>Peter Depr\u00e9<\/h4>\n<p>Certified Specialist Attorney for insolvency law<br \/>\nand banking and capital market law,<br \/>\nBusiness mediator<br \/>\nE-Mail: <a href=\"&#x6d;&#x61;&#105;&#108;&#116;o&#x3a;&#x70;&#x65;&#116;&#101;r&#46;&#x64;&#x65;&#x70;&#114;&#101;&#64;&#x64;&#x65;&#x70;&#114;&#101;&#46;d&#x65;\">p&#101;&#x74;&#x65;r&#46;&#100;&#x65;&#x70;r&#101;&#x40;&#x64;e&#112;&#114;&#x65;&#x2e;d&#101;<\/a><\/p>\n<\/div>\n<\/div><\/div><\/div><\/div><\/div><div id=\"pg-1098-1\"  class=\"panel-grid panel-no-style\" ><div id=\"pgc-1098-1-0\"  class=\"panel-grid-cell\" ><div id=\"panel-1098-1-0-0\" class=\"so-panel widget widget_sow-editor panel-first-child panel-last-child\" data-index=\"2\" ><div\n\t\t\t\n\t\t\tclass=\"so-widget-sow-editor so-widget-sow-editor-base\"\n\t\t\t\n\t\t>\n<div class=\"siteorigin-widget-tinymce textwidget\">\n\t<h2>Peter Depr\u00e9 \u2014 Profile<\/h2>\n<ul>\n<li>Admitted as a lawyer in 1982<\/li>\n<li>Studied law at the University of Heidelberg, traineeship among other places at the Chamber of Commerce and Industry in Paris<\/li>\n<li>Founder of the law firm Depr\u00e9 RECHTSANW\u00c4LTE (since 2007 Depr\u00e9 RECHTSANWALTS AG)<\/li>\n<li>Specialization in insolvency law, Certified Specialist Attorney for insolvency law, and banking and capital market law; further training as a business mediator (cvm)<\/li>\n<li>Chairman of the Managing Board of Depr\u00e9 RECHTSANWALTS AG with more than 50 employees, certified according to ISO 9001: 2008 and InsO 9001 (insolvency regulations)<\/li>\n<li>Member of the Management Board of the Chamber of Lawyers, Karlsruhe<\/li>\n<li>President of the Mannheimer Anwaltsverein (Mannheim Lawyers Association)<\/li>\n<li>Chairman of the working group \"Restructuring and Insolvency Rhein-Neckar.Pfalz e.V.\"<\/li>\n<li>Vice chairman and founding member of the Center for Insolvency and Restructuring at the University of Mannheim, (Zentrum f\u00fcr Insolvenz und Sanierung an der Universit\u00e4t Mannheim e.V.)<\/li>\n<li>Former lecturer at the University of Mannheim (Restructuring by transfer, transferring restructuring)<\/li>\n<li>Examiner for the first state law exam at the University of Heidelberg from 1992 to 2026 for civil law and insolvency law<\/li>\n<li>Member of the executive commitee of the working group\"Insolvency and Restructuring\" in the German Lawyers Association (DAV)<\/li>\n<li>Spokesman of the consortium for receivership in the working group \"Insolvency and Restructuring\" in the German Lawyers Association (DAV)<\/li>\n<li>Member of the VID, Association of official receivers, Germany<\/li>\n<li>Co-editor of \"Zeitschrift f\u00fcr Immobilienrecht\" (ZfIR), (Magazine for real estate law)<\/li>\n<li>Co-editor of \"Krisen-Sanierungs- und Insolvenzberatung\" (KSI) (Magazine for Crisis, Restructuring and Insolvency Advice)<\/li>\n<li>Member of the corresponding advisory board of the \"Deutsche Zeitschrift f\u00fcr Wirtschafts- und Insolvenzrecht (DZWIR) (German Magazine for Commercial and Insolvency Law)<\/li>\n<li>Author of numerous contributions and books regarding insolvency law as well as business organization and organization of law firms<\/li>\n<\/ul>\n<h2>Peter Depr\u00e9 \u2014 Publications<\/h2>\n<h3>Books<\/h3>\n<div align=\"left\">\n<table border=\"0\" width=\"600\" cellpadding=\"2\">\n<tbody>\n<tr>\n<td><img loading=\"lazy\" decoding=\"async\" class=\"alignnone size-full wp-image-53\" src=\"https:\/\/www.depre.de\/wp-content\/uploads\/2017\/11\/Die-neue-Vorsorgemappe.jpg\" alt=\"Die-neue-Vorsorgemappe\" width=\"100\" height=\"135\" \/><\/td>\n<td style=\"vertical-align: top;\">Die Neue Vorsorge-Mappe mit CD-ROM - F\u00fcr den Krankheits- und Todesfall - Checklisten, Arbeitsbl\u00e4tter, Musterschreiben, Textbausteine<\/p>\n<p>Herausgeber: Peter Depr\u00e9<br \/>\nWalhalla Fachverlag, 6. Aufl. 2017<br \/>\nISBN 978-3-8029-1331-0<\/td>\n<\/tr>\n<tr>\n<td width=\"20%\"><img loading=\"lazy\" decoding=\"async\" class=\"alignnone wp-image-1953\" src=\"https:\/\/www.depre.de\/wp-content\/uploads\/2017\/08\/vorsorge_30minuten-e1503666943456.jpg\" alt=\"vorsorge_30minuten\" width=\"100\" height=\"200\" \/><\/td>\n<td style=\"vertical-align: top;\">Meine Vorsorge in nur 30 Minuten<\/p>\n<p>Herausgeber: Peter Depr\u00e9<br \/>\nWalhalla Fachverlag, 1. Aufl. 2017<br \/>\nISBN 978-3-8029-3230-4<\/td>\n<\/tr>\n<tr>\n<td width=\"20%\"><img loading=\"lazy\" decoding=\"async\" class=\"alignnone size-full wp-image-64\" src=\"https:\/\/www.depre.de\/wp-content\/uploads\/2016\/05\/Praxis-der-Insolvenz.jpg\" alt=\"Praxis-der-Insolvenz\" width=\"100\" height=\"162\" \/><\/td>\n<td style=\"vertical-align: top;\">Praxis der Insolvenz<\/p>\n<p>Hrsg. von Dr. Siegfried Beck und Peter Depr\u00e9<br \/>\nVahlen, 3. Aufl. 2017<br \/>\nISBN 978-3-8006-3574-0<\/td>\n<\/tr>\n<tr>\n<td><img loading=\"lazy\" decoding=\"async\" class=\"alignnone size-full wp-image-50\" src=\"https:\/\/www.depre.de\/wp-content\/uploads\/2016\/05\/Anwaltspraxis-im-Insolvenzrecht.jpg\" alt=\"Anwaltspraxis-im-Insolvenzrecht\" width=\"100\" height=\"151\" \/><\/td>\n<td style=\"vertical-align: top;\">Anwaltspraxis im Insolvenzrecht<\/p>\n<p>Peter Depr\u00e9<br \/>\nC. H. Beck, 2. Aufl. 2005<br \/>\nISBN 3-406-50387-X<\/td>\n<\/tr>\n<tr>\n<td><img loading=\"lazy\" decoding=\"async\" class=\"alignnone size-full wp-image-59\" src=\"https:\/\/www.depre.de\/wp-content\/uploads\/2016\/05\/inso-kohlhammer.jpg\" alt=\"inso-kohlhammer\" width=\"100\" height=\"141\" \/><\/td>\n<td style=\"vertical-align: top;\">Insolvenzordnung (InsO) Kommentar<\/p>\n<p>Rattunde \/ Smid \/ Zeuner (Hrsg.)<br \/>\nMitkommentator Peter Depr\u00e9<br \/>\nKohlhammer, 4. Aufl. 2018<br \/>\nISBN 978-3-17-025878-5<\/td>\n<\/tr>\n<tr>\n<td><img loading=\"lazy\" decoding=\"async\" class=\"alignnone size-full wp-image-57\" src=\"https:\/\/www.depre.de\/wp-content\/uploads\/2016\/05\/Heidelberger-Kommentar-zur-InsOrd.jpg\" alt=\"Heidelberger-Kommentar-zur-InsOrd\" width=\"100\" height=\"140\" \/><\/td>\n<td style=\"vertical-align: top;\">Insolvenzordnung<\/p>\n<p>Godehard Kayser (Hrsg.), Christoph Thole (Hrsg.)<br \/>\nMitkommentator Peter Depr\u00e9<br \/>\nC. F. M\u00fcller, 9.\u00a0Aufl. 2018<br \/>\nISBN 978-3-8114-4310-5<\/td>\n<\/tr>\n<tr>\n<td><img loading=\"lazy\" decoding=\"async\" class=\"alignnone size-full wp-image-49\" src=\"https:\/\/www.depre.de\/wp-content\/uploads\/2017\/07\/1x1lohnpfaendung_10.jpg\" alt=\"1x1lohnpfaendung_10\" width=\"100\" height=\"139\" \/><\/td>\n<td style=\"vertical-align: top;\">Das 1x1 der Lohnpf\u00e4ndung - Erl\u00e4uterungen, Tabellen, Rechenbeispiele, Formulare<\/p>\n<p>Peter Depr\u00e9<br \/>\nWalter Bachmann<br \/>\nDeutscherAnwaltVerlag, 11. Auflage 2019<br \/>\nISBN 978-3-8240-1634-1<\/td>\n<\/tr>\n<tr>\n<td><img loading=\"lazy\" decoding=\"async\" class=\"alignnone size-full wp-image-65\" src=\"https:\/\/www.depre.de\/wp-content\/uploads\/2016\/05\/Praxis-der-Zwangsverwaltung.jpg\" alt=\"Praxis-der-Zwangsverwaltung\" width=\"100\" height=\"155\" \/><\/td>\n<td style=\"vertical-align: top;\">Die Praxis der Zwangsverwaltung<\/p>\n<p>Peter Depr\u00e9<br \/>\nG\u00fcnter Mayer<br \/>\nDie Praxis der Zwangsverwaltung<br \/>\nDeutscherAnwaltVerlag, 7. Aufl. 2013<br \/>\nISBN 978-3-8240-1298-5<\/td>\n<\/tr>\n<tr>\n<td><img loading=\"lazy\" decoding=\"async\" class=\"alignnone size-full wp-image-54\" src=\"https:\/\/www.depre.de\/wp-content\/uploads\/2016\/05\/DAV-Ratgeber-junge-Rechtsanwaelte.jpg\" alt=\"DAV-Ratgeber-junge-Rechtsanwaelte\" width=\"100\" height=\"139\" \/><\/td>\n<td style=\"vertical-align: top;\">DAV-Ratgeber f\u00fcr junge Rechtsanw\u00e4ltinnen und Rechtsanw\u00e4lte<\/p>\n<p>Mitautor Peter Depr\u00e9<br \/>\nThema: Spezialisierung Insolvenzrecht<br \/>\nDAV-Ratgeber f\u00fcr junge Rechtsanw\u00e4ltinnen und Rechtsanw\u00e4lte<br \/>\nDeutscher AnwaltVerlag, 13. Aufl. 2013<br \/>\nISBN 978-3-8240-1297-8<\/td>\n<\/tr>\n<tr>\n<td><img loading=\"lazy\" decoding=\"async\" class=\"alignnone size-full wp-image-66\" src=\"https:\/\/www.depre.de\/wp-content\/uploads\/2016\/05\/praxis-handbuch-compliance.jpg\" alt=\"praxis-handbuch-compliance\" width=\"100\" height=\"155\" \/><\/td>\n<td style=\"vertical-align: top;\">Praxis-Handbuch Compliance - Risiken erkennen - Haftung ausschlie\u00dfen<\/p>\n<p>Herausgeber: Peter Depr\u00e9<br \/>\nWalhalla Fachverlag, 1. Aufl. 2011<br \/>\nISBN 978-3-8029-3456-8<\/td>\n<\/tr>\n<tr>\n<td><img loading=\"lazy\" decoding=\"async\" class=\"alignnone size-full wp-image-55\" src=\"https:\/\/www.depre.de\/wp-content\/uploads\/2017\/07\/Festschrift_Kuebler_70Geb.jpg\" alt=\"Festschrift_Kuebler_70Geb\" width=\"100\" height=\"200\" \/><\/td>\n<td style=\"vertical-align: top;\">Festschrift f\u00fcr Bruno M. K\u00fcbler zum 70. Geburtstag<\/p>\n<p>Mitautor: Peter Depr\u00e9<br \/>\nThema: \u201cZwangsverwalter versus Insolvenzverwalter \u2013 Parallelen und Unterschiede \u2013 \"<br \/>\nVerlag C.H. Beck, 1. Aufl. 2015<br \/>\nISBN 978-3-406-67248-4<\/td>\n<\/tr>\n<tr>\n<td><img loading=\"lazy\" decoding=\"async\" class=\"alignnone size-full wp-image-55\" src=\"https:\/\/www.depre.de\/wp-content\/uploads\/2016\/05\/Festschrift_Wellensiek.jpg\" alt=\"Wellensiek_80_Geb\" width=\"100\" height=\"200\" \/><\/td>\n<td style=\"vertical-align: top;\">Festschrift f\u00fcr Jobst Wellensiek zum 80. Geburtstag<\/p>\n<p>Mitautor: Peter Depr\u00e9<br \/>\nThema: \u201cAnforderungen an Insolvenzgerichte aus Sicht des Insolvenzverwalters\u201d<br \/>\nVerlag C.H. Beck, 1. Aufl. 2011<br \/>\nISBN 978-3-406-63225-9<\/td>\n<\/tr>\n<tr>\n<td><img loading=\"lazy\" decoding=\"async\" class=\"alignnone size-full wp-image-68\" src=\"https:\/\/www.depre.de\/wp-content\/uploads\/2016\/05\/unternehmenskrise-sanieren-oder-liquidieren.jpg\" alt=\"unternehmenskrise-sanieren-oder-liquidieren\" width=\"100\" height=\"138\" \/><\/td>\n<td style=\"vertical-align: top;\">Unternehmenskrise: sanieren oder liquidieren? Der aktuelle Leitfaden f\u00fcr Unternehmer und Gl\u00e4ubiger<\/p>\n<p>Herausgeber: Peter Depr\u00e9<br \/>\nWalhalla Fachverlag, 2. Auflage 2019<br \/>\nISBN 978-3-8029-4217-4<\/td>\n<\/tr>\n<tr>\n<td><img loading=\"lazy\" decoding=\"async\" class=\"alignnone size-full wp-image-67\" src=\"https:\/\/www.depre.de\/wp-content\/uploads\/2016\/05\/streitfaelle-aussergerichtlich-loesen.jpg\" alt=\"streitfaelle-aussergerichtlich-loesen\" width=\"100\" height=\"138\" \/><\/td>\n<td style=\"vertical-align: top;\">Streitf\u00e4lle au\u00dfergerichtlich l\u00f6sen - Die Alternativen zum staatlichen Gerichtsverfahren kennen und nutzen<\/p>\n<p>Herausgeber: Peter Depr\u00e9<br \/>\nWalhalla Fachverlag, 1. Auflage 2012<br \/>\nISBN 978-3-8029-3599-2<\/td>\n<\/tr>\n<tr>\n<td><img loading=\"lazy\" decoding=\"async\" class=\"alignnone size-full wp-image-61\" src=\"https:\/\/www.depre.de\/wp-content\/uploads\/2016\/05\/kommentar-zum-gesetz-ueber-die-zwangsversteigerung-und-zwangsverwaltung.jpg\" alt=\"kommentar-zum-gesetz-ueber-die-zwangsversteigerung-und-zwangsverwaltung\" width=\"100\" height=\"138\" \/><\/td>\n<td style=\"vertical-align: top;\">ZVG - Kommentar zum Gesetz \u00fcber die Zwangsversteigerung und Zwangsverwaltung<\/p>\n<p>Herausgeber: Peter Depr\u00e9<br \/>\nMitkommentator: Peter Depr\u00e9<br \/>\nRWS Verlag, 2. Aufl.\u00a02019<br \/>\nISBN 978-3-8145-9024-0<\/td>\n<\/tr>\n<tr>\n<td><img loading=\"lazy\" decoding=\"async\" class=\"alignnone size-full wp-image-58\" src=\"https:\/\/www.depre.de\/wp-content\/uploads\/2016\/05\/immobilien-guenstig-ersteigern.png\" alt=\"immobilien-guenstig-ersteigern\" width=\"100\" height=\"200\" \/><\/td>\n<td style=\"vertical-align: top;\">Immobilien g\u00fcnstig ersteigern<\/p>\n<p>Herausgeber: Peter Depr\u00e9<br \/>\nImmobilien g\u00fcnstig ersteigern<br \/>\nWalhalla Fachverlag, 13. Auflage 2015<br \/>\nISBN 978-3-8029-3244-1<\/td>\n<\/tr>\n<\/tbody>\n<\/table>\n<\/div>\n<h3>Magazines<\/h3>\n<p>Rechtsanwalt Peter Depr\u00e9 ist Mitherausgeber der Zeitschriften<\/p>\n<ul>\n<li>Zeitschrift f\u00fcr Immobilienrecht (ZfIR)<\/li>\n<li>Krisen-, Sanierungs- und Insolvenzberatung (KSI)<\/li>\n<\/ul>\n<p>Rechtsanwalt Peter Depr\u00e9 ist Mitglied des korrespondierenden Beirats der Deutschen Zeitschrift f\u00fcr Wirtschafts- und Insolvenzrecht (DZWIR)<\/p>\n<h3>Literature for managers<\/h3>\n<ul>\n<li>Peter Depr\u00e9<br \/>\nAnwalts REVUE de l\u00b4avocat<br \/>\nPublikationen des Schweizerischen Anwaltsverbandes 1\/1999, S. 18 ff., Organisationsgrunds\u00e4tze im Tagesablauf<\/li>\n<li>Lothar J. Seiwert u.a.<br \/>\nMitautor Peter Depr\u00e9<br \/>\nZeitmanagement f\u00fcr Rechtsanw\u00e4lte<br \/>\nVerlag moderne industrie, 1992<br \/>\nISBN 3-478-31270-1<\/li>\n<li>Die moderne Anwaltskanzlei<br \/>\nDeutscher AnwaltVerlag<br \/>\n3. Auflage 2001<br \/>\nPeter Depr\u00e9<br \/>\nBeitrag: Organisationsgrunds\u00e4tze im Tagesablauf<br \/>\nISBN 3-8240-0424-0<\/li>\n<\/ul>\n<h3>Legal essays<\/h3>\n<ul>\n<li>Peter Depr\u00e9 \/ Dr. Karl-Heinz Belser: <a href=\"https:\/\/www.depre.de\/wp-content\/uploads\/2016\/05\/DepreBuL1112.pdf\">Gro\u00dfbritanniens Kampf gegen die Korruption<\/a>, Business and Law Rhein-Neckar 2012, Seite 1 ff.<\/li>\n<li>Peter Depr\u00e9 \/ Antje Lambert: <a href=\"https:\/\/www.depre.de\/wp-content\/uploads\/2016\/05\/ksi_20120305.pdf\">Steuerliche Aspekte der vorl\u00e4ufigen Insolvenzverwaltung<\/a>; KSI 3\/2012, Seite 114 ff.<\/li>\n<li>Peter Depr\u00e9 : <a href=\"https:\/\/www.depre.de\/wp-content\/uploads\/2016\/05\/Econo_2_2012_Chancen.pdf\">Neue Chancen in der Krise<\/a>; econo 2\/2012, Seite 93<\/li>\n<li>Peter Depr\u00e9 : <a href=\"https:\/\/www.depre.de\/wp-content\/uploads\/2016\/05\/IHK_2-2012.pdf\">Compliance ist proaktives Risikomanagement<\/a> - Interview des IHK-Magazins Rhein-Neckar; IHK-Magazin Rhein-Neckar 2\/2012, Seite 11<\/li>\n<li>Peter Depr\u00e9 \/ Antje Lambert: <a href=\"https:\/\/www.depre.de\/wp-content\/uploads\/2016\/05\/steuerliche-aspekte-verwaltung-verwertung-immobilien-insolvenz.pdf\">Aktuelle steuerliche Aspekte bei der Verwaltung und Verwertung von Immobilien in der Insolvenz<\/a>; ZfIR 1\/2012, Seite 1 ff.<\/li>\n<li>Peter Depr\u00e9 \/ Antje Lambert: <a href=\"https:\/\/www.depre.de\/wp-content\/uploads\/2016\/05\/ksi_20110506.pdf\">Umsatzsteuer als Masseverbindlichkeit - Wider die Gl\u00e4ubigergleichbehandlung<\/a>; KSI 5\/11, Seite 214 ff.<\/li>\n<li>Peter Depr\u00e9: <a href=\"https:\/\/www.depre.de\/wp-content\/uploads\/2016\/05\/Editorial_Ksi_20110301.pdf\">Sanierungserleichterung: ESUG als Paradigmenwechsel oder Fremdk\u00f6rper?<\/a> KSI 3\/2011, Seite 97<\/li>\n<li>Peter Depr\u00e9 \/ Dr. Karl-Heinz Belser: <a href=\"https:\/\/www.depre.de\/wp-content\/uploads\/2016\/05\/Depre-Compliance.pdf\">Compliance als Risikomanagement \u2013 Chancen zur Wertsch\u00f6pfung f\u00fcr mittelst\u00e4ndische Unternehmen, Business and Law,<\/a> Rhein-Neckar 2011, Seite 50 f.<\/li>\n<li>Peter Depr\u00e9: <a href=\"https:\/\/www.depre.de\/wp-content\/uploads\/2016\/05\/Aufbau-einer-Compliance-KSI.pdf\">Aufbau einer unternehmensspezifischen Compliance<\/a>; KSI 5\/2010, Seite 197ff.<\/li>\n<li>Peter Depr\u00e9: <a href=\"https:\/\/www.depre.de\/wp-content\/uploads\/2016\/05\/compliance-sanierer-insolvenzverwalter.pdf\">Compliance f\u00fcr Sanierer und Insolvenzverwalter?<\/a>; KSI 4\/2010, Seite 145<\/li>\n<li>Peter Depr\u00e9: <a href=\"https:\/\/www.depre.de\/wp-content\/uploads\/2016\/05\/einsatz-betriebl-planrechnung.pdf\">Einsatz der betrieblichen Planrechnung in der Insolvenzverwaltung im Kontext des IDW<\/a>, S 6; KSI 2\/2010, Seite 53<\/li>\n<li>Peter Depr\u00e9: <a href=\"https:\/\/www.depre.de\/wp-content\/uploads\/2016\/05\/besondere-situationen.pdf\">Besondere Situationen erfordern besondere Ma\u00dfnahmen?<\/a>; KSI 3\/2009, Seite 101<\/li>\n<li>Peter Depr\u00e9: <a href=\"https:\/\/www.depre.de\/wp-content\/uploads\/2016\/05\/antragsruecknahme-zwangsversteigerung.pdf\">Eine Antragsr\u00fccknahme im Zwangsversteigerungs- oder Zwangsverwaltungsverfahren erfordert eine konstitutive Entscheidung des Vollstreckungsgerichts<\/a>; ZfIR 23-24\/2008, Seite 841<\/li>\n<li>Peter Depr\u00e9: Abschied vom Gedanken des Eigenkapitalersatzes; INDat-Report 2\/2008, Seite 34<\/li>\n<li>Peter Depr\u00e9: Die Zeitverg\u00fctung in der Zwangsverwaltung - Richtlinien f\u00fcr die Praxis; ZfIR 2\/2008, Seite 49<\/li>\n<li>Peter Depr\u00e9: <a href=\"https:\/\/www.depre.de\/wp-content\/uploads\/2016\/05\/glaeubigerbefriedigung-und-betriebserhaltung.pdf\">Nachgefragt: Wie sind Gl\u00e4ubigerbefriedigung und Betriebserhaltung durch die \u00fcbertragende Sanierung zu gew\u00e4hrleisten?<\/a>; KSI 3\/2007, Seite 131<\/li>\n<li>Peter Depr\u00e9: <a href=\"https:\/\/www.depre.de\/wp-content\/uploads\/2016\/05\/auswahl-person-zwangsverwalter.pdf\">Die Auswahl der Person des Zwangsverwalters - Grundrechtsschutz auf Kosten der Gl\u00e4ubiger?<\/a>; ZfIR 16\/2006, Seite 565<\/li>\n<li>Peter Depr\u00e9: Spezialisierung Insolvenzrecht; in DAV-Ratgeber f\u00fcr junge Rechtsanw\u00e4ltinnen und Rechtsanw\u00e4lte, 11. Auflage 2006, Seite 625<\/li>\n<li>Peter Depr\u00e9: Haftungsverwirklichung f\u00fcr den dinglichen Gl\u00e4ubiger versus Mieterschutz - zugleich Besprechung von BGH, Urt. v. 9.3.2005 - VIII ZR 330\/03; ZfIR 9\/2006, Seite 313<\/li>\n<li>Peter Depr\u00e9: Die Arbeitsgruppe Zwangsverwaltung; ZfIR 1\/2005, Seite 37<br \/>\nPeter Depr\u00e9 \/ Thomas Dobler: Einsatz der betrieblichen Planrechnung in der Insolvenzverwaltung; InVo 2004, Seite 389-432 47906 Kempen<\/li>\n<li>Peter Depr\u00e9: Die Verg\u00fctung des Zwangsverwalters nach dem \"dritten Entwurf\"; InVo 1\/2004, Seite 1<\/li>\n<li>Peter Depr\u00e9 \/ G\u00fcnter Mayer: Der BMJ-Entwurf einer Zwangsverwalterverordnung; DZWIR 9\/2003, Seite 362<\/li>\n<li>Peter Depr\u00e9: Steine statt Brot; InVo 1\/2003, Seite 6<\/li>\n<\/ul>\n<h3>Annotations on court decisions<\/h3>\n<ul>\n<li>BGH, Beschluss vom 14.07.2016 \u2013 IX ZB 31\/14<br \/>\nDie stille Zwangsverwaltung \u2013 Zweckm\u00e4\u00dfigkeit und Grenzen<br \/>\nIn ZfIR 1\/2017, Seite 1 ff.<\/li>\n<li>BGH, Urteil vom 18.09.2013 \u2013 VIII ZR 297\/12<br \/>\nNachweisanforderungen an den (angeblich) f\u00fcr zwangsversteigertes Objekt unter Angeh\u00f6rigen abgeschlossenen Mietvertrag<br \/>\nIn ZfIR 3\/2014, Seite 106 ff.<\/li>\n<li>BGH, Beschluss vom 26.04.2012 - V ZB 155\/11<br \/>\n<a href=\"https:\/\/www.depre.de\/wp-content\/uploads\/2016\/05\/ZfIR_15_2012.pdf\">Zur Verg\u00fctung des auch als Rechtsanwalt t\u00e4tigen Zwangsverwalters<\/a><br \/>\nIn ZfIR 15\/2012, Seite 561 ff.<\/li>\n<li>OVG L\u00fcneburg, Beschluss vom 11.08.2011 - 8 LA 104\/11<br \/>\n<a href=\"https:\/\/www.depre.de\/wp-content\/uploads\/2016\/05\/ZfIR_2011-892.pdf\">Bezeichnung eines Zwangsverwalters im Geb\u00fchrenbescheid - Kaminfegerkosten<\/a><br \/>\nIn ZfIR 23-24\/2011, Seite 892 ff.<\/li>\n<li>BGH, Urteil vom 23.09.2009 - VIII ZR 336\/08<br \/>\n<a href=\"https:\/\/www.depre.de\/wp-content\/uploads\/2016\/05\/mietkaution-zbr.pdf\">Nichtangelegte Mietkaution und Zur\u00fcckbehaltungsrecht des Mieters im Insolvenzverfahren gegen\u00fcber dem Zwangsverwalter<\/a><br \/>\nIn ZfIR 23-24\/2009, Seite 880 ff., 882 ff.<\/li>\n<li>BGH, Beschluss vom 01.06.2006 - V ZB 29\/06<br \/>\nMindestverg\u00fctung nur einmal f\u00fcr das gesamte Zwangsverwaltungsverfahren<br \/>\nIn ZfIR 22\/2006, Seite 811<\/li>\n<li>FG N\u00fcrnberg, Urteil vom 01.12.2005 - IV 403\/2003<br \/>\nZul\u00e4ssigkeit der Aufrechnung gegen den Anspruch auf Eigenheimzulage im Insolvenzverfahren<br \/>\nIn jurisPraxisReport-Insolvenzrecht 11\/2006, Anm. 5<\/li>\n<li>OLG Koblenz, Beschluss vom 27.06.2005 - 12 VA 1\/05<br \/>\nAllgemein keine Anwendbarkeit der Grunds\u00e4tze des BVerfG zur Vorauswahl von Insolvenzverwaltern auf die Vorauswahl von Zwangsverwaltern<br \/>\nIn EWiR \u00a7 23 EGGVG 1\/2006, Seite 139<\/li>\n<li>LG Frankenthal, Beschluss vom 26.10.2005 - 1 T 189\/05<br \/>\nAusreichender Nachweis des Zeitaufwands f\u00fcr Zwangsverwaltung schon mit plausiblen Zeitangaben<br \/>\nIn ZfIR 1\/2006, Seite 36<\/li>\n<li>OLG Schleswig, Beschluss vom 28.02.2005 - 12 VA 3\/04<br \/>\nVerfassungsm\u00e4\u00dfigkeit des Erfordernisses einer regionalen Anlaufstelle des Insolvenzverwalters<br \/>\nIn jurisPraxisReport-Insolvenzrecht 10\/2005, Anm. 6<\/li>\n<li>BGH, Urteil vom 5.11.2004 - IXa ZB 202\/03<br \/>\nBerechnung der Zwangsverwalterverg\u00fctung f\u00fcr Leerstandszeiten einer zwangsger\u00e4umten Mietwohnung nach Umfang der Verwaltert\u00e4tigkeit<br \/>\nIn ZfIR 5\/2005, Seite 217<\/li>\n<li>BGH, Urteil vom 07.12.1998 - II ZR 382\/96<br \/>\nZwangsverwaltung von eigenkapitalersetzend \u00fcberlassenem Grundbesitz im Konkurs<br \/>\nIn DZWIR 6\/1999, Seite 246 ff. (249 ff.)<\/li>\n<li>OLG Hamm, Urteil vom 23.05.1995 - 29 U 23\/95<br \/>\nR\u00fcckgabeanspruch des Vermieters gegen den Konkursverwalter bezieht sich auch auf R\u00e4umung des Grundst\u00fccks<br \/>\nIn InVO 1\/1996, Seite 15 (16)<\/li>\n<\/ul>\n<h3>Annotations on books<\/h3>\n<ul>\n<li>InsO\u00b4 99 - Das neue Insolvenzrecht<br \/>\nRWS-Skript 296, bearbeitet von Dr. Harald Hess, Karl Robert Kranemann und Dr. Andreas Pink,<br \/>\nRWS Verlag Kommunikationsforum GmbH, 1. Aufl. 1998<\/li>\n<li>Insolvenzrecht-CD-ROM<br \/>\nbearbeitet von Jobst Wellensiek und Eberhard Braun.<br \/>\nEdition 1998\/1999.<br \/>\nVerlag Wiley-VCH, WeinheimIn DER DEUTSCHE RECHTSPFLEGER 2\/2000, Seite 87<\/li>\n<li>Der Insolvenzplan<br \/>\nSchriften zum deutschen und europ\u00e4ischen Zivil-, Handels- und Proze\u00dfrecht, Band 174.<br \/>\nBearbeitet von Wolfram Schiessler.<br \/>\nVerlag Ernst und Werner Gieseking, Bielefeld 1997.<br \/>\nIn DER DEUTSCHE RECHTSPFLEGER 7\/1999, Seite 355<\/li>\n<li>Die Restschuldbefreiung nach der Insolvenzordnung Schriften zum deutschen und europ\u00e4ischen Zivil-, Handels- und Proze\u00dfrecht, Band 175.<br \/>\nBearbeitet von Dr. Stephan D\u00f6bereiner.<br \/>\nVerlag Ernst und Werner Gieseking, Bielefeld 1997.<br \/>\nIn DER DEUTSCHE RECHTSPFLEGER 8-9\/1998, Seite 378<\/li>\n<\/ul>\n<\/div>\n<\/div><\/div><\/div><\/div><div id=\"pg-1098-2\"  class=\"panel-grid panel-no-style\" ><div id=\"pgc-1098-2-0\"  class=\"panel-grid-cell panel-grid-cell-empty\" ><\/div><\/div><\/div>","protected":false},"excerpt":{"rendered":"<p>Peter Depr\u00e9 Certified Specialist Attorney for insolvency law and banking and capital market law, Business mediator E-Mail: &#x70;&#x65;&#116;&#101;r&#46;&#x64;&#x65;&#x70;&#114;e&#64;&#x64;&#x65;&#x70;&#114;&#101;&#46;&#x64;&#x65; Peter Depr\u00e9 \u2014 Profile Admitted as a lawyer in 1982 Studied law at the University of Heidelberg, traineeship among other places at the Chamber of Commerce and Industry in Paris Founder of the law firm Depr\u00e9 RECHTSANW\u00c4LTE &hellip; <a href=\"https:\/\/www.depre.de\/en\/ueber-uns\/rechtsanwaelte\/peter-depre-2\/\" class=\"more-link\">Continue reading<span class=\"screen-reader-text\"> &#8220;Peter Depr\u00e9&#8221;<\/span><\/a><\/p>\n","protected":false},"author":14,"featured_media":0,"parent":122,"menu_order":1,"comment_status":"closed","ping_status":"closed","template":"","meta":{"footnotes":""},"class_list":["post-1098","page","type-page","status-publish","hentry"],"aioseo_notices":[],"publishpress_future_action":{"enabled":false,"date":"2026-05-01 17:39:38","action":"change-status","newStatus":"draft","terms":[],"taxonomy":"","extraData":[]},"publishpress_future_workflow_manual_trigger":{"enabledWorkflows":[]},"_links":{"self":[{"href":"https:\/\/www.depre.de\/en\/wp-json\/wp\/v2\/pages\/1098","targetHints":{"allow":["GET"]}}],"collection":[{"href":"https:\/\/www.depre.de\/en\/wp-json\/wp\/v2\/pages"}],"about":[{"href":"https:\/\/www.depre.de\/en\/wp-json\/wp\/v2\/types\/page"}],"author":[{"embeddable":true,"href":"https:\/\/www.depre.de\/en\/wp-json\/wp\/v2\/users\/14"}],"replies":[{"embeddable":true,"href":"https:\/\/www.depre.de\/en\/wp-json\/wp\/v2\/comments?post=1098"}],"version-history":[{"count":169,"href":"https:\/\/www.depre.de\/en\/wp-json\/wp\/v2\/pages\/1098\/revisions"}],"predecessor-version":[{"id":4430,"href":"https:\/\/www.depre.de\/en\/wp-json\/wp\/v2\/pages\/1098\/revisions\/4430"}],"up":[{"embeddable":true,"href":"https:\/\/www.depre.de\/en\/wp-json\/wp\/v2\/pages\/122"}],"wp:attachment":[{"href":"https:\/\/www.depre.de\/en\/wp-json\/wp\/v2\/media?parent=1098"}],"curies":[{"name":"wp","href":"https:\/\/api.w.org\/{rel}","templated":true}]}}