{"id":129,"date":"2016-05-13T16:25:32","date_gmt":"2016-05-13T14:25:32","guid":{"rendered":"https:\/\/www.depre.de\/?page_id=129"},"modified":"2025-12-17T11:07:47","modified_gmt":"2025-12-17T10:07:47","slug":"impressum","status":"publish","type":"page","link":"https:\/\/www.depre.de\/en\/kanzlei\/impressum\/","title":{"rendered":"Impressum"},"content":{"rendered":"<p><\/p>\n<div>Depr\u00e9 RECHTSANWALTS AG<\/div>\n<div>O 4, 13-16 (Kunststra\u00dfe)<br \/>\n68161 Mannheim<\/div>\n<div>Telefon: +49 621 12078-0<br \/>\nTelefax: +49 621 153800<br \/>\nE-Mail: i&#110;&#102;&#111;&#x40;&#x64;&#x65;pr&#101;&#46;&#x64;&#x65;<\/div>\n<div>Vorstand: Peter Depr\u00e9 (Vorsitzender), Dr. Renald Metoja<br \/>\nAufsichtsratsvorsitzender: Dr. Karl-Heinz Belser<\/div>\n<div>Registergericht: Amtsgericht Mannheim<br \/>\nRegisternummer: HRB 702854<\/div>\n<div>Umsatzsteuer-Identifikationsnummer: DE 255718884<\/div>\n<div>\n<p>Inhaltlich verantwortlich: Rechtsanwalt Peter Depr\u00e9 (Anschrift wie oben)<\/p>\n<p>Die Rechtsanw\u00e4lte der Depr\u00e9 RECHTSANWALTS AG f\u00fchren die gesetzliche Berufsbezeichnung Rechtsanwalt im Hinblick auf die gleichlautende Berufsbezeichnung in anderen deutschsprachigen EU-L\u00e4ndern mit dem Zusatz &#8220;Bundesrepublik Deutschland&#8221;, verliehen in der Bundesrepublik Deutschland.<\/p>\n<p>Die Depr\u00e9 RECHTSANWALTS AG ist Mitglied der Rechtsanwaltskammer Karlsruhe und durch diese als Rechtsanwaltsaktiengesellschaft zugelassen.<\/p>\n<p>Rechtsanwaltskammer Karlsruhe<br \/>\nReinhold-Frank-Strasse 72<br \/>\n76133 Karlsruhe<br \/>\nTel.: +49 721 25340<br \/>\nFax: +49 721 26627<\/p>\n<p>Es gelten die folgenden berufsrechtlichen Regelungen:<\/p>\n<ul>\n<li>die Bundesrechtsanwaltsordnung (BRAO),<\/li>\n<li>die Berufsordnung (BORA),<\/li>\n<li>die Fachanwaltsordnung (FAO),<\/li>\n<li>das Rechtsanwaltsverg\u00fctungsgesetz (RVG),<\/li>\n<li>die Berufsregeln der Rechtsanw\u00e4lte der Europ\u00e4ischen Gemeinschaft,<\/li>\n<li>f\u00fcr ausl\u00e4ndische Rechtsanw\u00e4lte das Gesetz \u00fcber die T\u00e4tigkeit europ\u00e4ischer Rechtsanw\u00e4lte in Deutschland (EuRAG)<\/li>\n<\/ul>\n<p>Sie finden diese Vorschriften auf den Internetseiten der Bundesrechtsanwaltskammer.<\/p>\n<p>Zusatzinformationen nach \u00a7\u00a7 1 bis 3 Dienstleistungs-Informationspflichtenverordnung (DL-InfoV):<\/p>\n<p>Berufshaftpflichtversicherung:<br \/>\nDie Depr\u00e9 RECHTSANWALTS AG unterh\u00e4lt eine Berufshaftpflichtversicherung bei der Allianz Versicherungs-Aktiengesellschaft Uhlandstra\u00dfe 2, 70182 Stuttgart.<\/p>\n<p>R\u00e4umlicher Geltungsbereich dieser Versicherung:<br \/>\nDie Berufshaftpflichtversicherung gilt im gesamten EU-Gebiet und den Staaten des Abkommens \u00fcber den Europ\u00e4ischen Wirtschaftsraum, jedoch nicht f\u00fcr T\u00e4tigkeiten \u00fcber in anderen Staaten eingerichtete oder unterhaltene Kanzleien oder B\u00fcros. Der Versicherungsschutz gilt auch f\u00fcr Haftpflichtanspr\u00fcche aus T\u00e4tigkeiten im Zusammenhang mit der Beratung und Besch\u00e4ftigung mit au\u00dfereurop\u00e4ischem Recht, aus T\u00e4tigkeiten vor au\u00dfereurop\u00e4ischen Gerichten, welche vor au\u00dfereurop\u00e4ischen Gerichten geltend gemacht werden.<\/p>\n<p>Au\u00dfergerichtliche Streitschlichtung:<br \/>\nBei Streitigkeiten zwischen Rechtsanw\u00e4lten und ihren Auftraggebern besteht gem\u00e4\u00df \u00a7 <a href=\"https:\/\/dejure.org\/gesetze\/BRAO\/73.html\" title=\"&sect; 73 BRAO: Aufgaben des Vorstandes\">73<\/a> Abs. 2 Nr. 3 i. V. m. \u00a7 <a href=\"https:\/\/dejure.org\/gesetze\/BRAO\/73.html\" title=\"&sect; 73 BRAO: Aufgaben des Vorstandes\">73<\/a> Abs. 5 BRAO auf Antrag die M\u00f6glichkeit der au\u00dfergerichtlichen Streitschlichtung bei der regional zust\u00e4ndigen Rechtsanwaltskammer Karlsruhe (Kontaktdaten siehe oben) oder nach \u00a7 <a href=\"https:\/\/dejure.org\/gesetze\/BRAO\/191.html\" title=\"&sect; 191 BRAO: (weggefallen)\">191<\/a> f. BRAO bei der Schlichtungsstelle der Rechtsanwaltschaft bei der Bundesrechtsanwaltskammer, im Internet zu finden \u00fcber die Homepage der Bundesrechtsanwaltskammer (<a href=\"http:\/\/www.brak.de\">http:\/\/www.brak.de<\/a>) unter dem Men\u00fcpunkt &#8220;Schlichtungsstelle der Rechtsanwaltschaft&#8221; (<a href=\"m&#97;&#x69;&#x6c;&#x74;o&#58;&#115;&#x63;&#x68;l&#105;&#99;&#x68;&#x74;un&#103;&#x73;&#x73;&#x74;e&#108;&#x6c;&#x65;&#x40;b&#114;&#97;&#x6b;&#x2e;d&#101;\">&#115;&#99;&#x68;&#x6c;&#105;&#99;&#x68;&#x74;&#117;&#110;&#x67;&#x73;&#115;&#116;&#x65;&#x6c;&#108;&#101;&#x40;&#x62;&#114;&#97;&#x6b;&#x2e;&#100;&#101;<\/a>).<\/p>\n<p>Haftungshinweis:<\/p>\n<p>Die Depr\u00e9 RECHTSANWALTS AG ist bestrebt, vollst\u00e4ndige, aktuelle und inhaltlich zutreffende Informationen auf dieser Website darzustellen. Gleichwohl kann die Depr\u00e9 RECHTSANWALTS AG keinerlei Gew\u00e4hr f\u00fcr die Vollst\u00e4ndigkeit, Aktualit\u00e4t oder inhaltliche Richtigkeit der dargestellten Informationen \u00fcbernehmen.<\/p>\n<p>Die Vervielf\u00e4ltigung von Informationen oder Daten, insbesondere die Verwendung von Texten, Textteilen oder Bildmaterial bedarf der ausdr\u00fccklichen vorherigen Zustimmung der Depr\u00e9 RECHTSANWALTS AG.<\/p>\n<p>Wir haben uns bem\u00fcht weitreichende Kommunikationsm\u00f6glichkeiten \u00fcber das Internet zu er\u00f6ffnen. Wir weisen allerdings darauf hin, dass die hier aufgezeigten M\u00f6glichkeiten der Online-Kommunikation ausschlie\u00dflich dem Kontakt mit unserer Mandantschaft dienen und weder dazu geeignet, noch dazu bestimmt sind, Erkl\u00e4rungen gegen\u00fcber der Depr\u00e9 RECHTSANWALTS AG abzugeben.<\/p>\n<p>Ferner m\u00fcssen wir darauf hinweisen, dass bei der Nutzung der Kommunikationsm\u00f6glichkeiten des Internet die Vertraulichkeit nicht sichergestellt ist. Im Zweifel vereinbaren Sie daher zum Schutz Ihrer vertraulichen Angelegenheiten ein Beratungsgespr\u00e4ch in unseren Kanzleir\u00e4umen oder nutzen andere \u00dcbermittlungswege wie Post oder Telefax.<\/p>\n<\/div>\n<p><\/p>","protected":false},"excerpt":{"rendered":"<p>Depr\u00e9 RECHTSANWALTS AG O 4, 13-16 (Kunststra\u00dfe) 68161 Mannheim Telefon: +49 621 12078-0 Telefax: +49 621 153800 E-Mail: &#x69;&#110;f&#x6f;&#x40;&#100;e&#x70;&#114;e&#x2e;&#x64;&#101; Vorstand: Peter Depr\u00e9 (Vorsitzender), Dr. Renald Metoja Aufsichtsratsvorsitzender: Dr. Karl-Heinz Belser Registergericht: Amtsgericht Mannheim Registernummer: HRB 702854 Umsatzsteuer-Identifikationsnummer: DE 255718884 Inhaltlich verantwortlich: Rechtsanwalt Peter Depr\u00e9 (Anschrift wie oben) Die Rechtsanw\u00e4lte der Depr\u00e9 RECHTSANWALTS AG f\u00fchren die &hellip; <a href=\"https:\/\/www.depre.de\/en\/kanzlei\/impressum\/\" class=\"more-link\">Continue reading<span class=\"screen-reader-text\"> &#8220;Impressum&#8221;<\/span><\/a><\/p>\n","protected":false},"author":14,"featured_media":0,"parent":103,"menu_order":2,"comment_status":"closed","ping_status":"closed","template":"","meta":{"footnotes":""},"class_list":["post-129","page","type-page","status-publish","hentry"],"aioseo_notices":[],"publishpress_future_action":{"enabled":false,"date":"2026-05-01 17:44:28","action":"change-status","newStatus":"draft","terms":[],"taxonomy":"","extraData":[]},"publishpress_future_workflow_manual_trigger":{"enabledWorkflows":[]},"_links":{"self":[{"href":"https:\/\/www.depre.de\/en\/wp-json\/wp\/v2\/pages\/129","targetHints":{"allow":["GET"]}}],"collection":[{"href":"https:\/\/www.depre.de\/en\/wp-json\/wp\/v2\/pages"}],"about":[{"href":"https:\/\/www.depre.de\/en\/wp-json\/wp\/v2\/types\/page"}],"author":[{"embeddable":true,"href":"https:\/\/www.depre.de\/en\/wp-json\/wp\/v2\/users\/14"}],"replies":[{"embeddable":true,"href":"https:\/\/www.depre.de\/en\/wp-json\/wp\/v2\/comments?post=129"}],"version-history":[{"count":27,"href":"https:\/\/www.depre.de\/en\/wp-json\/wp\/v2\/pages\/129\/revisions"}],"predecessor-version":[{"id":4427,"href":"https:\/\/www.depre.de\/en\/wp-json\/wp\/v2\/pages\/129\/revisions\/4427"}],"up":[{"embeddable":true,"href":"https:\/\/www.depre.de\/en\/wp-json\/wp\/v2\/pages\/103"}],"wp:attachment":[{"href":"https:\/\/www.depre.de\/en\/wp-json\/wp\/v2\/media?parent=129"}],"curies":[{"name":"wp","href":"https:\/\/api.w.org\/{rel}","templated":true}]}}