{"id":131,"date":"2016-05-13T16:39:14","date_gmt":"2016-05-13T14:39:14","guid":{"rendered":"https:\/\/www.depre.de\/?page_id=131"},"modified":"2026-03-15T18:03:18","modified_gmt":"2026-03-15T17:03:18","slug":"datenschutz","status":"publish","type":"page","link":"https:\/\/www.depre.de\/en\/kanzlei\/datenschutz\/","title":{"rendered":"Datenschutz"},"content":{"rendered":"<p><\/p>\n<div class=\"content\">\n<h4>Die Webseite der <span class=\"ci-depre\">Depr\u00e9<\/span> <span class=\"ci-ra\">RECHTSANWALTS AG<\/span><\/h4>\n<p>Die Angaben auf der Webseite www.depre.de dienen lediglich der allgemeinen Information und sind nicht als Rechts- oder sonstige Beratung anzusehen. Die Depr\u00e9 RECHTSANWALTS AG haftet au\u00dferhalb des gesetzlich vorgeschriebenen Rahmens weder vertragsrechtlich noch aus unerlaubter Handlung (einschlie\u00dflich Fahrl\u00e4ssigkeit) noch auf sonstige Weise f\u00fcr Verluste oder Sch\u00e4den, die aus dem Vertrauen auf die auf der Webseite www.depre.de gegebenen Informationen oder aus einer Unterbrechung oder Verz\u00f6gerung der Zugriffsm\u00f6glichkeiten auf diese Website resultieren.<\/p>\n<h4>Links zu Webseiten Dritter<\/h4>\n<p>Sofern auf der Webseite www.depre.de Links oder Verlinkungen zu Webseiten oder Inhalten Dritter enthalten sind, auf die die Depr\u00e9 RECHTANWALTS AG keinen Einfluss aus\u00fcben kann, so \u00fcbernimmt diese keine Verantwortung oder Haftung f\u00fcr den Betrieb und Inhalt solcher Webseiten Dritter.<\/p>\n<h4>Datenschutz<\/h4>\n<p>Die Depr\u00e9 RECHTSANWALTS AG erhebt lediglich die vom jeweiligen Internet-Provider mitgeteilten Angaben (insb. zugewiesene IP-Adresse) und keine personenbezogenen Daten mit Ausnahme solcher personenbezogenen Daten, die vom Besucher ausdr\u00fccklich und freiwillig eingegeben werden (beispielsweise im Kontaktformular). Derartige \u2013 personenbezogenen &#8211; Informationen werden dann ausschlie\u00dflich zum entsprechenden Zweck (Bearbeitung Ihrer Anfrage oder der Abwicklung Ihres Mandates) und unter Beachtung der geltenden gesetzlichen Bestimmungen genutzt. S\u00e4mtliche personenbezogene Daten werden bei uns nur solange gespeichert, wie dies f\u00fcr den genannten Zweck (Bearbeitung Ihrer Anfrage oder Abwicklung Ihres Mandates) erforderlich ist.<\/p>\n<p>Bei der Verarbeitung personenbezogener Daten beachtet die Depr\u00e9 RECHTSANWALTS AG selbstverst\u00e4ndlich die jeweils geltenden gesetzlichen Bestimmungen, insbesondere des Bundesdatenschutzgesetzes (BDSG) und des Telemediengesetzes (TMG).<\/p>\n<h4>Elektronische Mailings<\/h4>\n<p>Sofern Sie sich auf der Webseite www.depre.de zum Empfang von elektronischen Informationen (z.B. Newsletter, Einladungen zu Veranstaltungen) eingetragen haben, k\u00f6nnen Sie uns jederzeit mitteilen, wenn Sie zuk\u00fcnftig keine weiteren Informationen w\u00fcnschen. Bitte senden Sie uns hierzu unter <a href=\"&#109;&#x61;&#105;&#x6c;t&#x6f;:&#105;&#x6e;&#102;&#x6f;&#64;&#x64;e&#112;&#x72;&#101;&#x2e;d&#x65;\">i&#110;&#102;&#111;&#x40;&#x64;&#x65;pr&#101;&#46;&#x64;&#x65;<\/a> eine kurze Nachricht.<\/p>\n<\/div>\n<p><\/p>","protected":false},"excerpt":{"rendered":"<p>Die Webseite der Depr\u00e9 RECHTSANWALTS AG Die Angaben auf der Webseite www.depre.de dienen lediglich der allgemeinen Information und sind nicht als Rechts- oder sonstige Beratung anzusehen. Die Depr\u00e9 RECHTSANWALTS AG haftet au\u00dferhalb des gesetzlich vorgeschriebenen Rahmens weder vertragsrechtlich noch aus unerlaubter Handlung (einschlie\u00dflich Fahrl\u00e4ssigkeit) noch auf sonstige Weise f\u00fcr Verluste oder Sch\u00e4den, die aus dem &hellip; <a href=\"https:\/\/www.depre.de\/en\/kanzlei\/datenschutz\/\" class=\"more-link\">Continue reading<span class=\"screen-reader-text\"> &#8220;Datenschutz&#8221;<\/span><\/a><\/p>\n","protected":false},"author":14,"featured_media":0,"parent":103,"menu_order":2,"comment_status":"closed","ping_status":"closed","template":"","meta":{"footnotes":""},"class_list":["post-131","page","type-page","status-publish","hentry"],"aioseo_notices":[],"publishpress_future_action":{"enabled":false,"date":"2026-05-01 17:45:34","action":"change-status","newStatus":"draft","terms":[],"taxonomy":"","extraData":[]},"publishpress_future_workflow_manual_trigger":{"enabledWorkflows":[]},"_links":{"self":[{"href":"https:\/\/www.depre.de\/en\/wp-json\/wp\/v2\/pages\/131","targetHints":{"allow":["GET"]}}],"collection":[{"href":"https:\/\/www.depre.de\/en\/wp-json\/wp\/v2\/pages"}],"about":[{"href":"https:\/\/www.depre.de\/en\/wp-json\/wp\/v2\/types\/page"}],"author":[{"embeddable":true,"href":"https:\/\/www.depre.de\/en\/wp-json\/wp\/v2\/users\/14"}],"replies":[{"embeddable":true,"href":"https:\/\/www.depre.de\/en\/wp-json\/wp\/v2\/comments?post=131"}],"version-history":[{"count":21,"href":"https:\/\/www.depre.de\/en\/wp-json\/wp\/v2\/pages\/131\/revisions"}],"predecessor-version":[{"id":4438,"href":"https:\/\/www.depre.de\/en\/wp-json\/wp\/v2\/pages\/131\/revisions\/4438"}],"up":[{"embeddable":true,"href":"https:\/\/www.depre.de\/en\/wp-json\/wp\/v2\/pages\/103"}],"wp:attachment":[{"href":"https:\/\/www.depre.de\/en\/wp-json\/wp\/v2\/media?parent=131"}],"curies":[{"name":"wp","href":"https:\/\/api.w.org\/{rel}","templated":true}]}}