{"id":2563,"date":"2018-06-01T14:01:35","date_gmt":"2018-06-01T12:01:35","guid":{"rendered":"https:\/\/www.depre.de\/?page_id=2563"},"modified":"2019-06-30T16:14:47","modified_gmt":"2019-06-30T14:14:47","slug":"dr-friedrich-l-cranshaw","status":"publish","type":"page","link":"https:\/\/www.depre.de\/en\/dr-friedrich-l-cranshaw\/","title":{"rendered":"(Deutsch) Dr. Friedrich L. Cranshaw"},"content":{"rendered":"<div id=\"pl-2563\"  class=\"panel-layout\" ><div id=\"pg-2563-0\"  class=\"panel-grid panel-has-style\" ><div class=\"topline panel-row-style panel-row-style-for-2563-0\" ><div id=\"pgc-2563-0-0\"  class=\"panel-grid-cell\" ><div id=\"panel-2563-0-0-0\" class=\"so-panel widget widget_sow-image panel-first-child panel-last-child\" data-index=\"0\" ><div\n\t\t\t\n\t\t\tclass=\"so-widget-sow-image so-widget-sow-image-default-8b5b6f678277-2563\"\n\t\t\t\n\t\t>\n<div class=\"sow-image-container\">\n\t\t<img \n\tsrc=\"https:\/\/www.depre.de\/wp-content\/uploads\/2018\/06\/DrFLCranshaw_Portrait-768x1071.jpg\" width=\"768\" height=\"1071\" srcset=\"https:\/\/www.depre.de\/wp-content\/uploads\/2018\/06\/DrFLCranshaw_Portrait-768x1071.jpg 768w, https:\/\/www.depre.de\/wp-content\/uploads\/2018\/06\/DrFLCranshaw_Portrait-215x300.jpg 215w, https:\/\/www.depre.de\/wp-content\/uploads\/2018\/06\/DrFLCranshaw_Portrait-734x1024.jpg 734w, https:\/\/www.depre.de\/wp-content\/uploads\/2018\/06\/DrFLCranshaw_Portrait.jpg 1398w\" sizes=\"(max-width: 768px) 85vw, 768px\" alt=\"\" \t\tclass=\"so-widget-image\"\/>\n\t<\/div>\n\n<\/div><\/div><\/div><div id=\"pgc-2563-0-1\"  class=\"panel-grid-cell\" ><div id=\"panel-2563-0-1-0\" class=\"so-panel widget widget_sow-editor panel-first-child panel-last-child\" data-index=\"1\" ><div\n\t\t\t\n\t\t\tclass=\"so-widget-sow-editor so-widget-sow-editor-base\"\n\t\t\t\n\t\t>\n<div class=\"siteorigin-widget-tinymce textwidget\">\n\t<h4>Dr. Friedrich L. Cranshaw<\/h4>\n<p>Attorney<br \/>\nE-Mail: <a href=\"&#x6d;&#x61;&#105;l&#x74;&#x6f;&#x3a;&#102;r&#x69;&#x65;&#x64;&#114;i&#x63;&#x68;&#x2e;&#99;r&#x61;&#x6e;&#x73;&#104;a&#x77;&#x40;&#x64;&#101;p&#x72;&#x65;&#x2e;&#100;e\">&#102;&#x72;&#x69;e&#100;&#x72;i&#99;&#x68;&#x2e;c&#114;&#x61;n&#115;&#x68;&#x61;w&#64;&#x64;e&#112;&#x72;&#x65;&#46;&#100;&#x65;<\/a><\/p>\n<\/div>\n<\/div><\/div><\/div><\/div><\/div><div id=\"pg-2563-1\"  class=\"panel-grid panel-no-style\" ><div id=\"pgc-2563-1-0\"  class=\"panel-grid-cell\" ><div id=\"panel-2563-1-0-0\" class=\"so-panel widget widget_sow-editor panel-first-child panel-last-child\" data-index=\"2\" ><div\n\t\t\t\n\t\t\tclass=\"so-widget-sow-editor so-widget-sow-editor-base\"\n\t\t\t\n\t\t>\n<div class=\"siteorigin-widget-tinymce textwidget\">\n\t<\/p>\n<h2>Dr. Friedrich L. Cranshaw \u2014 Profile<\/h2>\n<ul>\n<li>Zulassung zur Anwaltschaft (OLG Zweibr\u00fccken) 1983<\/li>\n<li>Studium der Rechtswissenschaft an der Universit\u00e4t Heidelberg, der Universit\u00e4t Freiburg\/Brsg. und an der Hochschule f\u00fcr Verwaltungswissenschaften in Speyer (SS 1979). Erstes jur. Staatsexamen in Freiburg (1977), zweites Staatsexamen in\u00a0Heidelberg\/Stuttgart (1980)<\/li>\n<li>Promotion 2004 an der Martin-Luther-Universit\u00e4t Halle-Wittenberg zu einem europarechtlichen Thema mit beihilferechtlichem Fokus, scl\/Luther-Urkunde (Publ.: Nomos, 2006)<\/li>\n<li>Langj\u00e4hrige Berufst\u00e4tigkeit bei der Landesbank Baden-W\u00fcrttemberg (LBBW) und Vorg\u00e4ngerinstituten in Mannheim, Stuttgart und Karlsruhe, zuletzt Direktor im Bereich Recht.<\/li>\n<li>Parallel zur fr\u00fcheren T\u00e4tigkeit bei der LBBW vielj\u00e4hrige Verbandst\u00e4tigkeit beim Deutschen Sparkassen- und Giroverband eV (DSGV, Berlin), beim Verband \u00d6ffentlicher Banken Deutschlands (V\u00f6B, Berlin) und beim Verband Deutscher Pfandbriefbanken (vdp, Berlin).<\/li>\n<li>Seit Jahrzehnten Unterrichts-, Dozenten- und Vortragst\u00e4tigkeit, u.a. an verschiedenen Akademien. Mitarbeit bei verschiedenen wissenschaftlichen Organisationen bzw. Universit\u00e4tseinrichtungen.\u00a0CDEI, Centrum f\u00fcr Deutsches und Europ\u00e4isches Insolvenzrecht, Kiel; ZIS, Zentrum f\u00fcr Insolvenz und Sanierung an der Universit\u00e4t Mannheim.<\/li>\n<li>Arbeits- und Wissenschaftsthemen: Sanierungs- und Insolvenzrecht einschl. der \u00f6ffentlich-rechtlichen K\u00f6rperschaften; Schnittstellen dieser Rechtsgebiete u.a. zum Gesellschafts-, Arbeits- und Sozialrecht; Recht der Europ\u00e4ischen Union; Internationales Privat- und Wirtschafts- sowie Verfahrensrecht; Bankprivatrecht, insb. Finanzierungsrecht (einschl. Kommunalfinanzierungen); Recht der Kreditsicherheiten (unter Einbeziehung der Immaterialg\u00fcterrechte); Vollstreckungsrecht einschl. Immobiliarvollstreckung.<\/li>\n<\/ul>\n<h2>Dr. Friedrich L. Cranshaw \u2014 Publications<\/h2>\n<ul>\n<li>Autor einer Vielzahl von Publikationen auf den unten angegebenen Arbeitsgebieten. U.a. st\u00e4ndiger Autor bei einer Reihe wissenschaftlicher Print- und elektronischer Medien. Zahlreiche Buchbeitr\u00e4ge und Kommentierungen, Festschriftbeitr\u00e4ge, Mitherausgeber. Siehe z.B. bei juris sowie in dem Bibl.katalog des BGH.<\/li>\n<\/ul>\n<\/div>\n<\/div><\/div><\/div><\/div><\/div>","protected":false},"excerpt":{"rendered":"<p>Dr. Friedrich L. Cranshaw Attorney E-Mail: fri&#101;&#100;&#114;&#105;&#x63;&#x68;&#x2e;&#x63;&#x72;&#x61;&#x6e;sha&#119;&#64;&#100;&#101;&#112;&#x72;&#x65;&#x2e;&#x64;&#x65; Dr. Friedrich L. Cranshaw \u2014 Profile Zulassung zur Anwaltschaft (OLG Zweibr\u00fccken) 1983 Studium der Rechtswissenschaft an der Universit\u00e4t Heidelberg, der Universit\u00e4t Freiburg\/Brsg. und an der Hochschule f\u00fcr Verwaltungswissenschaften in Speyer (SS 1979). Erstes jur. Staatsexamen in Freiburg (1977), zweites Staatsexamen in\u00a0Heidelberg\/Stuttgart (1980) Promotion 2004 an der Martin-Luther-Universit\u00e4t Halle-Wittenberg &hellip; <a href=\"https:\/\/www.depre.de\/en\/dr-friedrich-l-cranshaw\/\" class=\"more-link\">Continue reading<span class=\"screen-reader-text\"> &#8220;(Deutsch) Dr. Friedrich L. Cranshaw&#8221;<\/span><\/a><\/p>\n","protected":false},"author":3,"featured_media":0,"parent":0,"menu_order":0,"comment_status":"closed","ping_status":"closed","template":"","meta":{"footnotes":""},"class_list":["post-2563","page","type-page","status-publish","hentry"],"aioseo_notices":[],"publishpress_future_action":{"enabled":false,"date":"2026-05-01 17:46:46","action":"change-status","newStatus":"draft","terms":[],"taxonomy":"","extraData":[]},"publishpress_future_workflow_manual_trigger":{"enabledWorkflows":[]},"_links":{"self":[{"href":"https:\/\/www.depre.de\/en\/wp-json\/wp\/v2\/pages\/2563","targetHints":{"allow":["GET"]}}],"collection":[{"href":"https:\/\/www.depre.de\/en\/wp-json\/wp\/v2\/pages"}],"about":[{"href":"https:\/\/www.depre.de\/en\/wp-json\/wp\/v2\/types\/page"}],"author":[{"embeddable":true,"href":"https:\/\/www.depre.de\/en\/wp-json\/wp\/v2\/users\/3"}],"replies":[{"embeddable":true,"href":"https:\/\/www.depre.de\/en\/wp-json\/wp\/v2\/comments?post=2563"}],"version-history":[{"count":13,"href":"https:\/\/www.depre.de\/en\/wp-json\/wp\/v2\/pages\/2563\/revisions"}],"predecessor-version":[{"id":2960,"href":"https:\/\/www.depre.de\/en\/wp-json\/wp\/v2\/pages\/2563\/revisions\/2960"}],"wp:attachment":[{"href":"https:\/\/www.depre.de\/en\/wp-json\/wp\/v2\/media?parent=2563"}],"curies":[{"name":"wp","href":"https:\/\/api.w.org\/{rel}","templated":true}]}}