{"id":2606,"date":"2018-06-01T15:34:39","date_gmt":"2018-06-01T13:34:39","guid":{"rendered":"https:\/\/www.depre.de\/?page_id=2606"},"modified":"2025-12-17T10:46:42","modified_gmt":"2025-12-17T09:46:42","slug":"handels-und-gesellschaftsrecht","status":"publish","type":"page","link":"https:\/\/www.depre.de\/en\/leistungen\/rechtsgebiete\/handels-und-gesellschaftsrecht\/","title":{"rendered":"Commercial and corporate law"},"content":{"rendered":"<div id=\"pl-2606\"  class=\"panel-layout\" ><div id=\"pg-2606-0\"  class=\"panel-grid panel-no-style\" ><div id=\"pgc-2606-0-0\"  class=\"panel-grid-cell\" ><div id=\"panel-2606-0-0-0\" class=\"so-panel widget widget_sow-editor panel-first-child panel-last-child\" data-index=\"0\" ><div\n\t\t\t\n\t\t\tclass=\"so-widget-sow-editor so-widget-sow-editor-base\"\n\t\t\t\n\t\t>\n<div class=\"siteorigin-widget-tinymce textwidget\">\n\t<\/p>\n<p>Die <span class=\"ci-depre\">Depr\u00e9<\/span> <span class=\"ci-ra\">RECHTSANWALTS AG<\/span> hilft Ihnen, die gesellschaftsrechtlichen Aspekte Ihres Unternehmens so auszugestalten, dass die Umsetzung Ihrer Gesch\u00e4ftsideen unbeeintr\u00e4chtigt m\u00f6glich ist. Zugleich sind wir bestrebt, Sie in Ihren Verbindungen mit Gesch\u00e4ftspartnern durch Vertragsgestaltungen abzusichern. Auf unsere Beratungsleistungen k\u00f6nnen Sie sich in allen Situationen verlassen. Wir bieten Ihnen insbesondere:<\/p>\n<ul>\n<li>Pr\u00fcfen und Entwerfen von Vertr\u00e4gen<\/li>\n<li>Abwicklung von Vertr\u00e4gen<\/li>\n<li>Beratung in der Krise<\/li>\n<li>Durchsetzung von Anspr\u00fcchen.<\/li>\n<\/ul>\n<\/div>\n<\/div><\/div><\/div><\/div><div id=\"pg-2606-1\"  class=\"panel-grid panel-no-style\" ><div id=\"pgc-2606-1-0\"  class=\"panel-grid-cell\" ><div id=\"panel-2606-1-0-0\" class=\"so-panel widget widget_sow-editor panel-first-child panel-last-child\" data-index=\"1\" ><div\n\t\t\t\n\t\t\tclass=\"so-widget-sow-editor so-widget-sow-editor-base\"\n\t\t\t\n\t\t>\n<div class=\"siteorigin-widget-tinymce textwidget\">\n\t<h2>Your contact:<\/h2>\n<\/div>\n<\/div><\/div><\/div><\/div><div id=\"pg-2606-2\"  class=\"panel-grid panel-has-style\" ><div class=\"topline panel-row-style panel-row-style-for-2606-2\" ><div id=\"pgc-2606-2-0\"  class=\"panel-grid-cell\" ><div id=\"panel-2606-2-0-0\" class=\"so-panel widget widget_sow-image panel-first-child panel-last-child\" data-index=\"2\" ><div\n\t\t\t\n\t\t\tclass=\"so-widget-sow-image so-widget-sow-image-default-8b5b6f678277-2606\"\n\t\t\t\n\t\t>\n<div class=\"sow-image-container\">\n\t\t<img \n\tsrc=\"https:\/\/www.depre.de\/wp-content\/uploads\/2016\/10\/Depre_Portrait-768x1080.jpg\" width=\"768\" height=\"1080\" srcset=\"https:\/\/www.depre.de\/wp-content\/uploads\/2016\/10\/Depre_Portrait-768x1080.jpg 768w, https:\/\/www.depre.de\/wp-content\/uploads\/2016\/10\/Depre_Portrait-213x300.jpg 213w, https:\/\/www.depre.de\/wp-content\/uploads\/2016\/10\/Depre_Portrait-728x1024.jpg 728w, https:\/\/www.depre.de\/wp-content\/uploads\/2016\/10\/Depre_Portrait.jpg 1258w\" sizes=\"(max-width: 768px) 85vw, 768px\" title=\"depre_portrait\" alt=\"\" \t\tclass=\"so-widget-image\"\/>\n\t<\/div>\n\n<\/div><\/div><\/div><div id=\"pgc-2606-2-1\"  class=\"panel-grid-cell\" ><div id=\"panel-2606-2-1-0\" class=\"so-panel widget widget_sow-editor panel-first-child panel-last-child\" data-index=\"3\" ><div\n\t\t\t\n\t\t\tclass=\"so-widget-sow-editor so-widget-sow-editor-base\"\n\t\t\t\n\t\t>\n<div class=\"siteorigin-widget-tinymce textwidget\">\n\t<h4>Peter Depr\u00e9<\/h4>\n<p>Certified Specialist Attorney for insolvency law and banking and capital market law,<br \/>\nBusiness mediator (cvm)<\/p>\n<\/div>\n<\/div><\/div><\/div><\/div><\/div><div id=\"pg-2606-3\"  class=\"panel-grid panel-has-style\" ><div class=\"topline panel-row-style panel-row-style-for-2606-3\" ><div id=\"pgc-2606-3-0\"  class=\"panel-grid-cell\" ><div id=\"panel-2606-3-0-0\" class=\"so-panel widget widget_sow-image panel-first-child panel-last-child\" data-index=\"4\" ><div\n\t\t\t\n\t\t\tclass=\"so-widget-sow-image so-widget-sow-image-default-8b5b6f678277-2606\"\n\t\t\t\n\t\t>\n<div class=\"sow-image-container\">\n\t\t<img \n\tsrc=\"https:\/\/www.depre.de\/wp-content\/uploads\/2019\/03\/180716_Metoja_Portrait-hochkant_7-1-768x1089.jpg\" width=\"768\" height=\"1089\" srcset=\"https:\/\/www.depre.de\/wp-content\/uploads\/2019\/03\/180716_Metoja_Portrait-hochkant_7-1-768x1089.jpg 768w, https:\/\/www.depre.de\/wp-content\/uploads\/2019\/03\/180716_Metoja_Portrait-hochkant_7-1-212x300.jpg 212w, https:\/\/www.depre.de\/wp-content\/uploads\/2019\/03\/180716_Metoja_Portrait-hochkant_7-1-722x1024.jpg 722w\" sizes=\"(max-width: 768px) 85vw, 768px\" title=\"180716_Metoja_Portrait hochkant_7\" alt=\"\" \t\tclass=\"so-widget-image\"\/>\n\t<\/div>\n\n<\/div><\/div><\/div><div id=\"pgc-2606-3-1\"  class=\"panel-grid-cell\" ><div id=\"panel-2606-3-1-0\" class=\"so-panel widget widget_sow-editor panel-first-child panel-last-child\" data-index=\"5\" ><div\n\t\t\t\n\t\t\tclass=\"so-widget-sow-editor so-widget-sow-editor-base\"\n\t\t\t\n\t\t>\n<div class=\"siteorigin-widget-tinymce textwidget\">\n\t<h4>Dr. Renald Metoja<\/h4>\n<p>Rechtsanwalt und Insolvenzverwalter<br \/>\nFachanwalt f\u00fcr Insolvenz- und Sanierungsrecht<br \/>\nFachanwalt f\u00fcr Handels- und Gesellschaftsrecht<\/p>\n<\/div>\n<\/div><\/div><\/div><\/div><\/div><\/div>","protected":false},"excerpt":{"rendered":"<p>Die Depr\u00e9 RECHTSANWALTS AG hilft Ihnen, die gesellschaftsrechtlichen Aspekte Ihres Unternehmens so auszugestalten, dass die Umsetzung Ihrer Gesch\u00e4ftsideen unbeeintr\u00e4chtigt m\u00f6glich ist. Zugleich sind wir bestrebt, Sie in Ihren Verbindungen mit Gesch\u00e4ftspartnern durch Vertragsgestaltungen abzusichern. Auf unsere Beratungsleistungen k\u00f6nnen Sie sich in allen Situationen verlassen. Wir bieten Ihnen insbesondere: Pr\u00fcfen und Entwerfen von Vertr\u00e4gen Abwicklung von &hellip; <a href=\"https:\/\/www.depre.de\/en\/leistungen\/rechtsgebiete\/handels-und-gesellschaftsrecht\/\" class=\"more-link\">Continue reading<span class=\"screen-reader-text\"> &#8220;Commercial and corporate law&#8221;<\/span><\/a><\/p>\n","protected":false},"author":3,"featured_media":0,"parent":113,"menu_order":0,"comment_status":"closed","ping_status":"closed","template":"","meta":{"footnotes":""},"class_list":["post-2606","page","type-page","status-publish","hentry"],"aioseo_notices":[],"publishpress_future_action":{"enabled":false,"date":"2026-05-09 19:23:24","action":"change-status","newStatus":"draft","terms":[],"taxonomy":"","extraData":[]},"publishpress_future_workflow_manual_trigger":{"enabledWorkflows":[]},"_links":{"self":[{"href":"https:\/\/www.depre.de\/en\/wp-json\/wp\/v2\/pages\/2606","targetHints":{"allow":["GET"]}}],"collection":[{"href":"https:\/\/www.depre.de\/en\/wp-json\/wp\/v2\/pages"}],"about":[{"href":"https:\/\/www.depre.de\/en\/wp-json\/wp\/v2\/types\/page"}],"author":[{"embeddable":true,"href":"https:\/\/www.depre.de\/en\/wp-json\/wp\/v2\/users\/3"}],"replies":[{"embeddable":true,"href":"https:\/\/www.depre.de\/en\/wp-json\/wp\/v2\/comments?post=2606"}],"version-history":[{"count":7,"href":"https:\/\/www.depre.de\/en\/wp-json\/wp\/v2\/pages\/2606\/revisions"}],"predecessor-version":[{"id":4415,"href":"https:\/\/www.depre.de\/en\/wp-json\/wp\/v2\/pages\/2606\/revisions\/4415"}],"up":[{"embeddable":true,"href":"https:\/\/www.depre.de\/en\/wp-json\/wp\/v2\/pages\/113"}],"wp:attachment":[{"href":"https:\/\/www.depre.de\/en\/wp-json\/wp\/v2\/media?parent=2606"}],"curies":[{"name":"wp","href":"https:\/\/api.w.org\/{rel}","templated":true}]}}