{"id":2671,"date":"2018-06-13T18:34:06","date_gmt":"2018-06-13T16:34:06","guid":{"rendered":"https:\/\/www.depre.de\/?page_id=2671"},"modified":"2025-07-01T09:08:49","modified_gmt":"2025-07-01T07:08:49","slug":"team","status":"publish","type":"page","link":"https:\/\/www.depre.de\/en\/team\/","title":{"rendered":"Mitarbeiterteam"},"content":{"rendered":"<div id=\"pl-2671\"  class=\"panel-layout\" ><div id=\"pg-2671-0\"  class=\"panel-grid panel-no-style\" ><div id=\"pgc-2671-0-0\"  class=\"panel-grid-cell\" ><div id=\"panel-2671-0-0-0\" class=\"so-panel widget widget_sow-editor panel-first-child panel-last-child\" data-index=\"0\" ><div\n\t\t\t\n\t\t\tclass=\"so-widget-sow-editor so-widget-sow-editor-base\"\n\t\t\t\n\t\t>\n<div class=\"siteorigin-widget-tinymce textwidget\">\n\t<\/p>\n<p>Neben den Rechtsanw\u00e4ltinnen und Rechtsanw\u00e4lten steht Ihnen in der Depr\u00e9 RECHTSANWALTS AG auch ein engagiertes und kompetentes Mitarbeiterteam zur Verf\u00fcgung.<\/p>\n<\/div>\n<\/div><\/div><\/div><\/div><div id=\"pg-2671-1\"  class=\"panel-grid panel-no-style\" ><div id=\"pgc-2671-1-0\"  class=\"panel-grid-cell\" ><div id=\"panel-2671-1-0-0\" class=\"so-panel widget widget_sow-editor panel-first-child panel-last-child\" data-index=\"1\" ><div\n\t\t\t\n\t\t\tclass=\"so-widget-sow-editor so-widget-sow-editor-base\"\n\t\t\t\n\t\t>\n<div class=\"siteorigin-widget-tinymce textwidget\">\n\t<h2>Mitarbeiterteam:<\/h2>\n<\/div>\n<\/div><\/div><\/div><\/div><div id=\"pg-2671-2\"  class=\"panel-grid panel-has-style\" ><div class=\"topline panel-row-style panel-row-style-for-2671-2\" ><div id=\"pgc-2671-2-0\"  class=\"panel-grid-cell\" ><div id=\"panel-2671-2-0-0\" class=\"so-panel widget widget_sow-image panel-first-child panel-last-child\" data-index=\"2\" ><div\n\t\t\t\n\t\t\tclass=\"so-widget-sow-image so-widget-sow-image-default-8b5b6f678277-2671\"\n\t\t\t\n\t\t>\n<div class=\"sow-image-container\">\n\t\t<img \n\tsrc=\"https:\/\/www.depre.de\/wp-content\/uploads\/2023\/05\/Bauer.jpg\" width=\"762\" height=\"822\" srcset=\"https:\/\/www.depre.de\/wp-content\/uploads\/2023\/05\/Bauer.jpg 762w, https:\/\/www.depre.de\/wp-content\/uploads\/2023\/05\/Bauer-278x300.jpg 278w\" sizes=\"(max-width: 762px) 85vw, 762px\" alt=\"\" \t\tclass=\"so-widget-image\"\/>\n\t<\/div>\n\n<\/div><\/div><\/div><div id=\"pgc-2671-2-1\"  class=\"panel-grid-cell\" ><div id=\"panel-2671-2-1-0\" class=\"so-panel widget widget_sow-editor panel-first-child panel-last-child\" data-index=\"3\" ><div\n\t\t\t\n\t\t\tclass=\"so-widget-sow-editor so-widget-sow-editor-base\"\n\t\t\t\n\t\t>\n<div class=\"siteorigin-widget-tinymce textwidget\">\n\t<h4>Ina Bauer<\/h4>\n<p>Rechtsanwaltsfachangestellte<br \/>\nInsolvenzsachbearbeiterin<\/p>\n<\/div>\n<\/div><\/div><\/div><\/div><\/div><div id=\"pg-2671-3\"  class=\"panel-grid panel-has-style\" ><div class=\"topline panel-row-style panel-row-style-for-2671-3\" ><div id=\"pgc-2671-3-0\"  class=\"panel-grid-cell\" ><div id=\"panel-2671-3-0-0\" class=\"so-panel widget widget_sow-image panel-first-child panel-last-child\" data-index=\"4\" ><div\n\t\t\t\n\t\t\tclass=\"so-widget-sow-image so-widget-sow-image-default-8b5b6f678277-2671\"\n\t\t\t\n\t\t>\n<div class=\"sow-image-container\">\n\t\t<img \n\tsrc=\"https:\/\/www.depre.de\/wp-content\/uploads\/2019\/03\/Kreitlow-Portr\u00e4tfoto_a-1-768x955.jpg\" width=\"768\" height=\"955\" srcset=\"https:\/\/www.depre.de\/wp-content\/uploads\/2019\/03\/Kreitlow-Portr\u00e4tfoto_a-1-768x955.jpg 768w, https:\/\/www.depre.de\/wp-content\/uploads\/2019\/03\/Kreitlow-Portr\u00e4tfoto_a-1-241x300.jpg 241w, https:\/\/www.depre.de\/wp-content\/uploads\/2019\/03\/Kreitlow-Portr\u00e4tfoto_a-1-824x1024.jpg 824w, https:\/\/www.depre.de\/wp-content\/uploads\/2019\/03\/Kreitlow-Portr\u00e4tfoto_a-1.jpg 1381w\" sizes=\"(max-width: 768px) 85vw, 768px\" title=\"Kreitlow Portr\u00e4tfoto_a\" alt=\"\" \t\tclass=\"so-widget-image\"\/>\n\t<\/div>\n\n<\/div><\/div><\/div><div id=\"pgc-2671-3-1\"  class=\"panel-grid-cell\" ><div id=\"panel-2671-3-1-0\" class=\"so-panel widget widget_sow-editor panel-first-child panel-last-child\" data-index=\"5\" ><div\n\t\t\t\n\t\t\tclass=\"so-widget-sow-editor so-widget-sow-editor-base\"\n\t\t\t\n\t\t>\n<div class=\"siteorigin-widget-tinymce textwidget\">\n\t<h4>Tobias Kreitlow<\/h4>\n<p>Dipl.-Wirtschaftsjur. (FH)<br \/>\nMaster of Laws (LL.M.)<br \/>\nInsolvenzsachbearbeiter<\/p>\n<\/div>\n<\/div><\/div><\/div><\/div><\/div><div id=\"pg-2671-4\"  class=\"panel-grid panel-has-style\" ><div class=\"topline panel-row-style panel-row-style-for-2671-4\" ><div id=\"pgc-2671-4-0\"  class=\"panel-grid-cell\" ><div id=\"panel-2671-4-0-0\" class=\"so-panel widget widget_sow-image panel-first-child panel-last-child\" data-index=\"6\" ><div\n\t\t\t\n\t\t\tclass=\"so-widget-sow-image so-widget-sow-image-default-8b5b6f678277-2671\"\n\t\t\t\n\t\t>\n<div class=\"sow-image-container\">\n\t\t<img \n\tsrc=\"https:\/\/www.depre.de\/wp-content\/uploads\/2025\/05\/M.Negut-bearbeitet-768x859.png\" width=\"768\" height=\"859\" srcset=\"https:\/\/www.depre.de\/wp-content\/uploads\/2025\/05\/M.Negut-bearbeitet-768x859.png 768w, https:\/\/www.depre.de\/wp-content\/uploads\/2025\/05\/M.Negut-bearbeitet-268x300.png 268w, https:\/\/www.depre.de\/wp-content\/uploads\/2025\/05\/M.Negut-bearbeitet-916x1024.png 916w, https:\/\/www.depre.de\/wp-content\/uploads\/2025\/05\/M.Negut-bearbeitet.png 1332w\" sizes=\"(max-width: 768px) 85vw, 768px\" title=\"M.Negut bearbeitet\" alt=\"\" \t\tclass=\"so-widget-image\"\/>\n\t<\/div>\n\n<\/div><\/div><\/div><div id=\"pgc-2671-4-1\"  class=\"panel-grid-cell\" ><div id=\"panel-2671-4-1-0\" class=\"so-panel widget widget_sow-editor panel-first-child panel-last-child\" data-index=\"7\" ><div\n\t\t\t\n\t\t\tclass=\"so-widget-sow-editor so-widget-sow-editor-base\"\n\t\t\t\n\t\t>\n<div class=\"siteorigin-widget-tinymce textwidget\">\n\t<h4>Monica Negutw<\/h4>\n<p>Rechtsanwaltsfachangestellte<br \/>\nInsolvenzsachbearbeiterin<\/p>\n<\/div>\n<\/div><\/div><\/div><\/div><\/div><div id=\"pg-2671-5\"  class=\"panel-grid panel-has-style\" ><div class=\"topline panel-row-style panel-row-style-for-2671-5\" ><div id=\"pgc-2671-5-0\"  class=\"panel-grid-cell\" ><div id=\"panel-2671-5-0-0\" class=\"so-panel widget widget_sow-image panel-first-child panel-last-child\" data-index=\"8\" ><div\n\t\t\t\n\t\t\tclass=\"so-widget-sow-image so-widget-sow-image-default-8b5b6f678277-2671\"\n\t\t\t\n\t\t>\n<div class=\"sow-image-container\">\n\t\t<img \n\tsrc=\"https:\/\/www.depre.de\/wp-content\/uploads\/2023\/05\/Prinz-768x843.jpg\" width=\"768\" height=\"843\" srcset=\"https:\/\/www.depre.de\/wp-content\/uploads\/2023\/05\/Prinz-768x843.jpg 768w, https:\/\/www.depre.de\/wp-content\/uploads\/2023\/05\/Prinz-273x300.jpg 273w, https:\/\/www.depre.de\/wp-content\/uploads\/2023\/05\/Prinz-933x1024.jpg 933w, https:\/\/www.depre.de\/wp-content\/uploads\/2023\/05\/Prinz-1400x1536.jpg 1400w, https:\/\/www.depre.de\/wp-content\/uploads\/2023\/05\/Prinz.jpg 1536w\" sizes=\"(max-width: 768px) 85vw, 768px\" alt=\"\" \t\tclass=\"so-widget-image\"\/>\n\t<\/div>\n\n<\/div><\/div><\/div><div id=\"pgc-2671-5-1\"  class=\"panel-grid-cell\" ><div id=\"panel-2671-5-1-0\" class=\"so-panel widget widget_sow-editor panel-first-child panel-last-child\" data-index=\"9\" ><div\n\t\t\t\n\t\t\tclass=\"so-widget-sow-editor so-widget-sow-editor-base\"\n\t\t\t\n\t\t>\n<div class=\"siteorigin-widget-tinymce textwidget\">\n\t<h4>Kathrin Prinz<\/h4>\n<p>Handelsfachwirtin<br \/>\nInsolvenzsachbearbeiterin<\/p>\n<\/div>\n<\/div><\/div><\/div><\/div><\/div><div id=\"pg-2671-6\"  class=\"panel-grid panel-has-style\" ><div class=\"topline panel-row-style panel-row-style-for-2671-6\" ><div id=\"pgc-2671-6-0\"  class=\"panel-grid-cell\" ><div id=\"panel-2671-6-0-0\" class=\"so-panel widget widget_sow-image panel-first-child panel-last-child\" data-index=\"10\" ><div\n\t\t\t\n\t\t\tclass=\"so-widget-sow-image so-widget-sow-image-default-8b5b6f678277-2671\"\n\t\t\t\n\t\t>\n<div class=\"sow-image-container\">\n\t\t<img \n\tsrc=\"https:\/\/www.depre.de\/wp-content\/uploads\/2018\/06\/Woszczyna_DSC01222a_1366x768p_72ppi-768x512.jpg\" width=\"768\" height=\"512\" srcset=\"https:\/\/www.depre.de\/wp-content\/uploads\/2018\/06\/Woszczyna_DSC01222a_1366x768p_72ppi-768x512.jpg 768w, https:\/\/www.depre.de\/wp-content\/uploads\/2018\/06\/Woszczyna_DSC01222a_1366x768p_72ppi-300x200.jpg 300w, https:\/\/www.depre.de\/wp-content\/uploads\/2018\/06\/Woszczyna_DSC01222a_1366x768p_72ppi-272x182.jpg 272w, https:\/\/www.depre.de\/wp-content\/uploads\/2018\/06\/Woszczyna_DSC01222a_1366x768p_72ppi.jpg 1366w\" sizes=\"(max-width: 768px) 85vw, 768px\" alt=\"\" \t\tclass=\"so-widget-image\"\/>\n\t<\/div>\n\n<\/div><\/div><\/div><div id=\"pgc-2671-6-1\"  class=\"panel-grid-cell\" ><div id=\"panel-2671-6-1-0\" class=\"so-panel widget widget_sow-editor panel-first-child panel-last-child\" data-index=\"11\" ><div\n\t\t\t\n\t\t\tclass=\"so-widget-sow-editor so-widget-sow-editor-base\"\n\t\t\t\n\t\t>\n<div class=\"siteorigin-widget-tinymce textwidget\">\n\t<h4>Delia Woszczyna<\/h4>\n<p>Staatl. Gepr\u00fcfte \u00dcbersetzerin<br \/>\nAssistentin der Kanzleif\u00fchrung<br \/>\nGepr\u00fcfte Insolvenzfachkraft (STP AG)<br \/>\nInsolvenzsachbearbeiterin<\/p>\n<\/div>\n<\/div><\/div><\/div><\/div><\/div><div id=\"pg-2671-7\"  class=\"panel-grid panel-has-style\" ><div class=\"topline panel-row-style panel-row-style-for-2671-7\" ><div id=\"pgc-2671-7-0\"  class=\"panel-grid-cell\" ><div id=\"panel-2671-7-0-0\" class=\"so-panel widget widget_sow-image panel-first-child panel-last-child\" data-index=\"12\" ><div\n\t\t\t\n\t\t\tclass=\"so-widget-sow-image so-widget-sow-image-default-8b5b6f678277-2671\"\n\t\t\t\n\t\t>\n<div class=\"sow-image-container\">\n\t\t<img \n\tsrc=\"https:\/\/www.depre.de\/wp-content\/uploads\/2025\/05\/Zilkic-bearbeitet-768x599.png\" width=\"768\" height=\"599\" srcset=\"https:\/\/www.depre.de\/wp-content\/uploads\/2025\/05\/Zilkic-bearbeitet-768x599.png 768w, https:\/\/www.depre.de\/wp-content\/uploads\/2025\/05\/Zilkic-bearbeitet-300x234.png 300w, https:\/\/www.depre.de\/wp-content\/uploads\/2025\/05\/Zilkic-bearbeitet.png 855w\" sizes=\"(max-width: 768px) 85vw, 768px\" title=\"Zilkic bearbeitet\" alt=\"\" \t\tclass=\"so-widget-image\"\/>\n\t<\/div>\n\n<\/div><\/div><\/div><div id=\"pgc-2671-7-1\"  class=\"panel-grid-cell\" ><div id=\"panel-2671-7-1-0\" class=\"so-panel widget widget_sow-editor panel-first-child panel-last-child\" data-index=\"13\" ><div\n\t\t\t\n\t\t\tclass=\"so-widget-sow-editor so-widget-sow-editor-base\"\n\t\t\t\n\t\t>\n<div class=\"siteorigin-widget-tinymce textwidget\">\n\t<h4>Indira Zilkic<\/h4>\n<p>Rechtsanwaltsfachangestellte<br \/>\nInsolvenzbuchhalterin<br \/>\nInsolvenzsachbearbeiterin<br \/>\nKanzleiorganisation<\/p>\n<\/div>\n<\/div><\/div><\/div><\/div><\/div><\/div>","protected":false},"excerpt":{"rendered":"<p>Neben den Rechtsanw\u00e4ltinnen und Rechtsanw\u00e4lten steht Ihnen in der Depr\u00e9 RECHTSANWALTS AG auch ein engagiertes und kompetentes Mitarbeiterteam zur Verf\u00fcgung. Mitarbeiterteam:<\/p>\n","protected":false},"author":3,"featured_media":0,"parent":0,"menu_order":0,"comment_status":"closed","ping_status":"closed","template":"","meta":{"footnotes":""},"class_list":["post-2671","page","type-page","status-publish","hentry"],"aioseo_notices":[],"publishpress_future_action":{"enabled":false,"date":"2026-05-01 17:40:23","action":"change-status","newStatus":"draft","terms":[],"taxonomy":"","extraData":[]},"publishpress_future_workflow_manual_trigger":{"enabledWorkflows":[]},"_links":{"self":[{"href":"https:\/\/www.depre.de\/en\/wp-json\/wp\/v2\/pages\/2671","targetHints":{"allow":["GET"]}}],"collection":[{"href":"https:\/\/www.depre.de\/en\/wp-json\/wp\/v2\/pages"}],"about":[{"href":"https:\/\/www.depre.de\/en\/wp-json\/wp\/v2\/types\/page"}],"author":[{"embeddable":true,"href":"https:\/\/www.depre.de\/en\/wp-json\/wp\/v2\/users\/3"}],"replies":[{"embeddable":true,"href":"https:\/\/www.depre.de\/en\/wp-json\/wp\/v2\/comments?post=2671"}],"version-history":[{"count":209,"href":"https:\/\/www.depre.de\/en\/wp-json\/wp\/v2\/pages\/2671\/revisions"}],"predecessor-version":[{"id":4375,"href":"https:\/\/www.depre.de\/en\/wp-json\/wp\/v2\/pages\/2671\/revisions\/4375"}],"wp:attachment":[{"href":"https:\/\/www.depre.de\/en\/wp-json\/wp\/v2\/media?parent=2671"}],"curies":[{"name":"wp","href":"https:\/\/api.w.org\/{rel}","templated":true}]}}