{"id":3270,"date":"2022-04-22T14:40:49","date_gmt":"2022-04-22T12:40:49","guid":{"rendered":"https:\/\/www.depre.de\/?page_id=3270"},"modified":"2022-04-22T14:43:09","modified_gmt":"2022-04-22T12:43:09","slug":"asset-protection-sicherung-des-lebenswerkes","status":"publish","type":"page","link":"https:\/\/www.depre.de\/en\/leistungen\/spezielle-beratungsangebote\/asset-protection-sicherung-des-lebenswerkes\/","title":{"rendered":"(Deutsch) Asset Protection (Sicherung des Lebenswerkes)"},"content":{"rendered":"<div id=\"pl-3270\"  class=\"panel-layout\" ><div id=\"pg-3270-0\"  class=\"panel-grid panel-no-style\" ><div id=\"pgc-3270-0-0\"  class=\"panel-grid-cell\" ><div id=\"panel-3270-0-0-0\" class=\"so-panel widget widget_sow-editor panel-first-child panel-last-child\" data-index=\"0\" ><div\n\t\t\t\n\t\t\tclass=\"so-widget-sow-editor so-widget-sow-editor-base\"\n\t\t\t\n\t\t>\n<div class=\"siteorigin-widget-tinymce textwidget\">\n\t<p>In diesem Spezialsegment befassen wir uns mit der Sicherung des Verm\u00f6gens gegen Risiken aus dem Unternehmensbereich, resultierend aus dortiger T\u00e4tigkeit bzw. dort t\u00e4tig gewesener Gesch\u00e4ftsleiter (Vorstand, Gesch\u00e4ftsf\u00fchrer) oder als Aufsichtsrat oder als Gesellschafter bzw. Aktion\u00e4r. Wir beraten im privaten Bereich die wichtigsten Gestaltungsm\u00f6glichkeiten unter Ber\u00fccksichtigung der tangierten Rechtsgebiete, wie insbesondere des Sanierungs- und Insolvenzrechts, des Gesellschaftsrechts, des Erbrechts, des Eheg\u00fcterrechts sowie des Steuerrechts, vom Umwandlungssteuerrecht \u00fcber das Erbschafts- und Schenkungssteuerrecht bis zum Umwandlungsrecht.<\/p>\n<p>Wer risikotr\u00e4chtige Aufgaben \u00fcbernimmt bzw. \u00fcbernommen hat, l\u00e4uft Gefahr, dass sich Risiken aus dem Betrieb sich auf das Privatverm\u00f6gen auswirken. Um sich dagegen abzusichern, ist beispielsweise die Wahl von bestimmten Rechtsformen notwendig. Auch Verm\u00f6gens\u00fcbertragungen m\u00fcssen fr\u00fchzeitig erfolgen, dass sie nicht von einem Gl\u00e4ubiger oder gegebenenfalls vom Insolvenzverwalter angefochten werden k\u00f6nnen. Welche Gestaltung im Einzelfall sinnvoll ist, ist stets anhand der Umst\u00e4nde des Einzelfalls zu kl\u00e4ren. Daf\u00fcr stehen wir gerne zur Verf\u00fcgung.<\/p>\n<\/div>\n<\/div><\/div><\/div><\/div><\/div>","protected":false},"excerpt":{"rendered":"<p>In diesem Spezialsegment befassen wir uns mit der Sicherung des Verm\u00f6gens gegen Risiken aus dem Unternehmensbereich, resultierend aus dortiger T\u00e4tigkeit bzw. dort t\u00e4tig gewesener Gesch\u00e4ftsleiter (Vorstand, Gesch\u00e4ftsf\u00fchrer) oder als Aufsichtsrat oder als Gesellschafter bzw. Aktion\u00e4r. Wir beraten im privaten Bereich die wichtigsten Gestaltungsm\u00f6glichkeiten unter Ber\u00fccksichtigung der tangierten Rechtsgebiete, wie insbesondere des Sanierungs- und Insolvenzrechts, des &hellip; <a href=\"https:\/\/www.depre.de\/en\/leistungen\/spezielle-beratungsangebote\/asset-protection-sicherung-des-lebenswerkes\/\" class=\"more-link\">Continue reading<span class=\"screen-reader-text\"> &#8220;(Deutsch) Asset Protection (Sicherung des Lebenswerkes)&#8221;<\/span><\/a><\/p>\n","protected":false},"author":16,"featured_media":0,"parent":133,"menu_order":19,"comment_status":"closed","ping_status":"closed","template":"","meta":{"footnotes":""},"class_list":["post-3270","page","type-page","status-publish","hentry"],"aioseo_notices":[],"publishpress_future_action":{"enabled":false,"date":"2026-05-01 17:47:03","action":"change-status","newStatus":"draft","terms":[],"taxonomy":"","extraData":[]},"publishpress_future_workflow_manual_trigger":{"enabledWorkflows":[]},"_links":{"self":[{"href":"https:\/\/www.depre.de\/en\/wp-json\/wp\/v2\/pages\/3270","targetHints":{"allow":["GET"]}}],"collection":[{"href":"https:\/\/www.depre.de\/en\/wp-json\/wp\/v2\/pages"}],"about":[{"href":"https:\/\/www.depre.de\/en\/wp-json\/wp\/v2\/types\/page"}],"author":[{"embeddable":true,"href":"https:\/\/www.depre.de\/en\/wp-json\/wp\/v2\/users\/16"}],"replies":[{"embeddable":true,"href":"https:\/\/www.depre.de\/en\/wp-json\/wp\/v2\/comments?post=3270"}],"version-history":[{"count":5,"href":"https:\/\/www.depre.de\/en\/wp-json\/wp\/v2\/pages\/3270\/revisions"}],"predecessor-version":[{"id":3275,"href":"https:\/\/www.depre.de\/en\/wp-json\/wp\/v2\/pages\/3270\/revisions\/3275"}],"up":[{"embeddable":true,"href":"https:\/\/www.depre.de\/en\/wp-json\/wp\/v2\/pages\/133"}],"wp:attachment":[{"href":"https:\/\/www.depre.de\/en\/wp-json\/wp\/v2\/media?parent=3270"}],"curies":[{"name":"wp","href":"https:\/\/api.w.org\/{rel}","templated":true}]}}