{"id":3318,"date":"2022-06-15T00:06:19","date_gmt":"2022-06-14T22:06:19","guid":{"rendered":"https:\/\/www.depre.de\/?page_id=3318"},"modified":"2022-06-20T01:35:55","modified_gmt":"2022-06-19T23:35:55","slug":"saskia-broppe-metoja","status":"publish","type":"page","link":"https:\/\/www.depre.de\/en\/ueber-uns\/rechtsanwaelte\/saskia-broppe-metoja\/","title":{"rendered":"Saskia Boppr\u00e9-Metoja"},"content":{"rendered":"<div id=\"pl-3318\"  class=\"panel-layout\" ><div id=\"pg-3318-0\"  class=\"panel-grid panel-no-style\" ><div id=\"pgc-3318-0-0\"  class=\"panel-grid-cell\" ><div id=\"panel-3318-0-0-0\" class=\"so-panel widget widget_sow-image panel-first-child panel-last-child\" data-index=\"0\" ><div\n\t\t\t\n\t\t\tclass=\"so-widget-sow-image so-widget-sow-image-default-8b5b6f678277-3318\"\n\t\t\t\n\t\t>\n<div class=\"sow-image-container\">\n\t\t<img \n\tsrc=\"https:\/\/www.depre.de\/wp-content\/uploads\/2022\/06\/Kanzlei-PHOTO-e1655244095958.jpg\" width=\"683\" height=\"1024\" srcset=\"https:\/\/www.depre.de\/wp-content\/uploads\/2022\/06\/Kanzlei-PHOTO-e1655244095958.jpg 683w, https:\/\/www.depre.de\/wp-content\/uploads\/2022\/06\/Kanzlei-PHOTO-e1655244095958-200x300.jpg 200w\" sizes=\"(max-width: 683px) 85vw, 683px\" title=\"Kanzlei PHOTO\" alt=\"\" \t\tclass=\"so-widget-image\"\/>\n\t<\/div>\n\n<\/div><\/div><\/div><div id=\"pgc-3318-0-1\"  class=\"panel-grid-cell\" ><div id=\"panel-3318-0-1-0\" class=\"so-panel widget widget_sow-editor panel-first-child panel-last-child\" data-index=\"1\" ><div\n\t\t\t\n\t\t\tclass=\"so-widget-sow-editor so-widget-sow-editor-base\"\n\t\t\t\n\t\t>\n<div class=\"siteorigin-widget-tinymce textwidget\">\n\t<\/p>\n<h4>Saskia Boppr\u00e9-Metoja<\/h4>\n<p>Rechtsanw\u00e4ltin<\/p>\n<\/div>\n<\/div><\/div><\/div><\/div><div id=\"pg-3318-1\"  class=\"panel-grid panel-no-style\" ><div id=\"pgc-3318-1-0\"  class=\"panel-grid-cell\" ><div id=\"panel-3318-1-0-0\" class=\"so-panel widget widget_sow-editor panel-first-child panel-last-child\" data-index=\"2\" ><div\n\t\t\t\n\t\t\tclass=\"so-widget-sow-editor so-widget-sow-editor-base\"\n\t\t\t\n\t\t>\n<div class=\"siteorigin-widget-tinymce textwidget\">\n\t<\/p>\n<h2>Saskia Boppr\u00e9-Metoja \u2014 Profil<\/h2>\n<ul>\n<li>Studium der Rechtswissenschaften in Heidelberg und 1. Staatsexamen<\/li>\n<li>Referendariat beim Landgericht Mosbach und 2. Staatsexamen<\/li>\n<\/ul>\n<\/div>\n<\/div><\/div><\/div><\/div><\/div>","protected":false},"excerpt":{"rendered":"<p>Saskia Boppr\u00e9-Metoja Rechtsanw\u00e4ltin Saskia Boppr\u00e9-Metoja \u2014 Profil Studium der Rechtswissenschaften in Heidelberg und 1. Staatsexamen Referendariat beim Landgericht Mosbach und 2. Staatsexamen<\/p>\n","protected":false},"author":16,"featured_media":0,"parent":122,"menu_order":0,"comment_status":"closed","ping_status":"closed","template":"","meta":{"footnotes":""},"class_list":["post-3318","page","type-page","status-publish","hentry"],"aioseo_notices":[],"publishpress_future_action":{"enabled":false,"date":"2026-05-09 10:58:21","action":"change-status","newStatus":"draft","terms":[],"taxonomy":"","extraData":[]},"publishpress_future_workflow_manual_trigger":{"enabledWorkflows":[]},"_links":{"self":[{"href":"https:\/\/www.depre.de\/en\/wp-json\/wp\/v2\/pages\/3318","targetHints":{"allow":["GET"]}}],"collection":[{"href":"https:\/\/www.depre.de\/en\/wp-json\/wp\/v2\/pages"}],"about":[{"href":"https:\/\/www.depre.de\/en\/wp-json\/wp\/v2\/types\/page"}],"author":[{"embeddable":true,"href":"https:\/\/www.depre.de\/en\/wp-json\/wp\/v2\/users\/16"}],"replies":[{"embeddable":true,"href":"https:\/\/www.depre.de\/en\/wp-json\/wp\/v2\/comments?post=3318"}],"version-history":[{"count":10,"href":"https:\/\/www.depre.de\/en\/wp-json\/wp\/v2\/pages\/3318\/revisions"}],"predecessor-version":[{"id":3362,"href":"https:\/\/www.depre.de\/en\/wp-json\/wp\/v2\/pages\/3318\/revisions\/3362"}],"up":[{"embeddable":true,"href":"https:\/\/www.depre.de\/en\/wp-json\/wp\/v2\/pages\/122"}],"wp:attachment":[{"href":"https:\/\/www.depre.de\/en\/wp-json\/wp\/v2\/media?parent=3318"}],"curies":[{"name":"wp","href":"https:\/\/api.w.org\/{rel}","templated":true}]}}