{"id":3662,"date":"2022-11-02T20:53:55","date_gmt":"2022-11-02T19:53:55","guid":{"rendered":"https:\/\/www.depre.de\/?page_id=3662"},"modified":"2022-11-02T20:55:24","modified_gmt":"2022-11-02T19:55:24","slug":"archiv","status":"publish","type":"page","link":"https:\/\/www.depre.de\/en\/informationen\/archiv\/","title":{"rendered":"Archive"},"content":{"rendered":"<div id=\"pl-3662\"  class=\"panel-layout\" ><div id=\"pg-3662-0\"  class=\"panel-grid panel-no-style\" ><div id=\"pgc-3662-0-0\"  class=\"panel-grid-cell\" ><div id=\"panel-3662-0-0-0\" class=\"so-panel widget widget_sow-editor panel-first-child panel-last-child\" data-index=\"0\" ><div\n\t\t\t\n\t\t\tclass=\"so-widget-sow-editor so-widget-sow-editor-base\"\n\t\t\t\n\t\t>\n<div class=\"siteorigin-widget-tinymce textwidget\">\n\t<p>13.12.2017 - <a href=\"https:\/\/www.depre.de\/wp-content\/uploads\/2017\/12\/P_2017_12_13.pdf\">Fitnesskette macht schlapp<\/a><br \/>\n10.10.2017 - <a href=\"https:\/\/www.depre.de\/wp-content\/uploads\/2017\/10\/P_2017_10_10.pdf\">Rezension zu \"Praxis der Insolvenz\"<\/a><br \/>\n06.10.2017 - <a href=\"https:\/\/www.depre.de\/wp-content\/uploads\/2017\/10\/P_2017_10_06.pdf\">Vorhang zu - viele Fragen offen - Insolventes Sandkorn-Theater Karlsruhe hat Spielbetrieb eingestellt<\/a><br \/>\n09.08.2017 - <a href=\"https:\/\/www.depre.de\/wp-content\/uploads\/2017\/08\/P_2017_08_09.pdf\">Asporta insolvent - Standort in Bruchsal wird Venice Beach<\/a><br \/>\n07.08.2017 - <a href=\"https:\/\/www.depre.de\/wp-content\/uploads\/2017\/08\/P_2017_08_07.pdf\">Bruchsal bekommt drittes \"Venice Beach\"<\/a><br \/>\n13.02.2017 - <a href=\"https:\/\/www.depre.de\/wp-content\/uploads\/2017\/04\/P_2017_02_13.pdf\">MegaGroup \u00fcbernimmt deutschen Spezialisten!<\/a><br \/>\n20.04.2016 - <a href=\"https:\/\/www.depre.de\/wp-content\/uploads\/2016\/11\/P_2016_04_20.jpg\">AIV \u00fcberwindet Midlife-Crisis mit neuer Mutter<\/a><br \/>\n10.07.2015 - <a href=\"https:\/\/www.depre.de\/wp-content\/uploads\/2016\/11\/P_2015_07_10.pdf\">Reinigungsfirma Kehl zieht die Notbremse - Peter Depr\u00e9 vorl\u00e4ufiger Sachwalter<\/a><br \/>\n01.12.2014 - <a href=\"https:\/\/www.depre.de\/wp-content\/uploads\/2016\/11\/P_2014_12_01.pdf\">ZInsO - Zeitschriftenreport \"Kommentar zum ZVG\"<\/a><br \/>\n09.09.2014 - <a href=\"https:\/\/www.depre.de\/wp-content\/uploads\/2016\/11\/P_2014_09_09.pdf\">Pressemitteilung - Verst\u00e4rkungen f\u00fcr die Depr\u00e9 RECHTSANWALTS AG in den Bereichen Sanierung und Insolvenzverwaltung<\/a><br \/>\n01.09.2014 - <a href=\"https:\/\/www.depre.de\/wp-content\/uploads\/2016\/11\/P_2014_09_01.pdf\">indat.info - Zukunft der Dorfk\u00e4serei gesichert<\/a><br \/>\n28.08.2014 - <a href=\"https:\/\/www.depre.de\/wp-content\/uploads\/2016\/11\/P_2014_08_28-1.pdf\">Wirtschaft-regional.de - Insolvenz bei Dorfk\u00e4serei ist nun beendet<\/a><br \/>\n28.08.2014 - <a href=\"https:\/\/www.depre.de\/wp-content\/uploads\/2016\/11\/P_2014_08_28-2.pdf\">Pressemitteilung - Zukunft der Dorfk\u00e4serei Geifertshofen gesichert<\/a><br \/>\n04.07.2014 - <a href=\"https:\/\/www.depre.de\/wp-content\/uploads\/2016\/11\/P_2014_07_04.pdf\">bioPress - Neustart der Dorfk\u00e4serei Geifertshofen<\/a><br \/>\n16.06.2014 - <a href=\"https:\/\/www.depre.de\/wp-content\/uploads\/2016\/11\/P_2014_06_16.pdf\">Pressemitteilung - Heiza startet mit neuem Partner durch<\/a><br \/>\n03.04.2014 - <a href=\"https:\/\/www.depre.de\/wp-content\/uploads\/2016\/11\/P_2014_04_03.pdf\">Pressemitteilung - Dorfk\u00e4serei Geifertshofen musste Insolvenzantrag stellen<\/a><br \/>\n13.03.2014 - <a href=\"https:\/\/www.depre.de\/wp-content\/uploads\/2016\/11\/P_2014_03_13.pdf\">Die Rheinpfalz - Mit Gro\u00dfauftr\u00e4gen \u00fcbernommen<\/a><br \/>\n11.03.2014 - <a href=\"https:\/\/www.depre.de\/wp-content\/uploads\/2016\/11\/P_2014_03_11.pdf\">Pressemitteilung - Gesch\u00e4ftsbetrieb der HEIZA W\u00e4rmetechnik geht weiter<\/a><br \/>\n19.02.2014 - <a href=\"https:\/\/www.depre.de\/wp-content\/uploads\/2016\/11\/P_2014_02_19.pdf\">Badische Neuste Nachrichten - \"Marbach \u00fcbernimmt Pagenkopf\"<\/a><br \/>\n17.02.2014 - <a href=\"https:\/\/www.depre.de\/wp-content\/uploads\/2016\/11\/P_2014_02_17.pdf\">Pressemitteilung - Pagenkopf Fahrzeugbau hat wieder eine Zukunft<\/a><br \/>\n30.03.2013 - <a href=\"https:\/\/www.depre.de\/wp-content\/uploads\/2016\/11\/P_2013_03_30.pdf\">Hockenheimer Tageszeitung - \"Dienstleister weiter aktiv\"<\/a><br \/>\n27.03.2013 - <a href=\"https:\/\/www.depre.de\/wp-content\/uploads\/2016\/11\/P_2013_03_27.pdf\">Rheinpfalz.de - \"Winkler-Gruppe insolvent\"<\/a><br \/>\n26.03.2013 - <a href=\"https:\/\/www.depre.de\/wp-content\/uploads\/2016\/11\/P_2013_03_26.pdf\">Pressemitteilung - Stabilisierung des Gesch\u00e4ftsbetriebes der Winkler Gruppe<\/a><br \/>\n06.03.2013 - <a href=\"https:\/\/www.depre.de\/wp-content\/uploads\/2016\/11\/P_2013_03_06.pdf\">Pressemitteilung - Fortbestand der Ger\u00fcstbau Karabalcik GmbH dank Insolvenzplan gesichert<\/a><br \/>\n27.11.2012 - <a href=\"https:\/\/www.depre.de\/wp-content\/uploads\/2016\/11\/P_2012_11_27.pdf\">Heilbronner Stimme - \"Biogasanlage soll im Mai Klinik beliefern\"<\/a><br \/>\n31.07.2012 - <a href=\"https:\/\/www.depre.de\/wp-content\/uploads\/2016\/11\/P_2012_07_31.pdf\">ZVI-Report - Fortbildungsveranstaltung der Arbeitsgruppe \"Junge Insolvenzverwalter\"<\/a><br \/>\n01.04.2012 - <a href=\"https:\/\/www.depre.de\/wp-content\/uploads\/2016\/11\/P_2012_04_01.pdf\">RNZ Online - \"Chancen liegen bei 50:50\"<\/a><br \/>\n22.03.2012 - <a href=\"https:\/\/www.depre.de\/wp-content\/uploads\/2016\/11\/P_2012_03_22.pdf\">Rhein-Neckar-Zeitung - \"Die Rei\u00dfleine gezogen\"<\/a><br \/>\n22.12.2011 - <a href=\"https:\/\/www.depre.de\/wp-content\/uploads\/2016\/11\/P_2011_12_22.pdf\">Pirmasener Zeitung - \"Leere Parkpl\u00e4tze bremsen Parkhaus aus\"<\/a><br \/>\n12.04.2011 - <a href=\"https:\/\/www.depre.de\/wp-content\/uploads\/2016\/11\/P_2011_04_12.pdf\">Financial Times Deutschland - \"Schutz der Schuldner im Vordergrund\"<\/a><br \/>\n17.02.2011 - <a href=\"https:\/\/www.depre.de\/wp-content\/uploads\/2016\/11\/P_2011_02_17.pdf\">Mannheimer Morgen - \"Ehemaliger Wartburg-Betreiber insolvent - Inventar wird verwertet\"<\/a><br \/>\n23.12.2010 - <a href=\"https:\/\/www.depre.de\/wp-content\/uploads\/2016\/11\/P_2010_12_23-1.pdf\">Die Rheinpfalz - \"Immobilie Hauptstra\u00dfe 38 wird sp\u00e4tes Opfer der Finanzkrise\"<\/a><br \/>\n23.12.2010 - <a href=\"https:\/\/www.depre.de\/wp-content\/uploads\/2016\/11\/P_2010_12_23-2.pdf\">Pirmasenser Zeitung - \"Grundst\u00fccksgemeinschaft geht Geld aus\"<\/a><br \/>\n23.08.2010 - <a href=\"https:\/\/www.depre.de\/wp-content\/uploads\/2016\/11\/P_2010_08_23.pdf\">Interview mit den Autoren \"Das aktuelle Vorsorgehandbuch\"<\/a><br \/>\n22.07.2010 - <a href=\"https:\/\/www.depre.de\/wp-content\/uploads\/2016\/11\/P_2010_07_22.pdf\">INDat-Report - \"Volltreffer trotz Niederlage - Kongressbericht 6. Mannheimer Insolvenzrechtstag\"<\/a><br \/>\n01.05.2010 - <a href=\"https:\/\/www.depre.de\/wp-content\/uploads\/2016\/11\/P_2010_05_01.pdf\"> INDat-Report - \"Wahlen in der Arbeitsgruppe Zwangsverwaltung\"<\/a><br \/>\n15.04.2010 - <a href=\"https:\/\/www.depre.de\/wp-content\/uploads\/2016\/11\/P_2010_04_15.pdf\">Mannheimer Morgen - \"Auch Sinsheim fehlt Geld\"<\/a><br \/>\n24.03.2010 - <a href=\"https:\/\/www.depre.de\/wp-content\/uploads\/2016\/11\/P_2010_03_24.pdf\">Rhein-Neckar-Zeitung -\"F\u00fcr die Sineg-Besch\u00e4ftigten besteht Hoffnung\"<\/a><br \/>\n03.03.2010 - <a href=\"https:\/\/www.depre.de\/wp-content\/uploads\/2016\/11\/P_2010_03_03.bmp\">Bio-Werk: Investoren springen ab<\/a><\/p>\n<\/div>\n<\/div><\/div><\/div><\/div><\/div>","protected":false},"excerpt":{"rendered":"<p>13.12.2017 &#8211; Fitnesskette macht schlapp 10.10.2017 &#8211; Rezension zu &#8220;Praxis der Insolvenz&#8221; 06.10.2017 &#8211; Vorhang zu &#8211; viele Fragen offen &#8211; Insolventes Sandkorn-Theater Karlsruhe hat Spielbetrieb eingestellt 09.08.2017 &#8211; Asporta insolvent &#8211; Standort in Bruchsal wird Venice Beach 07.08.2017 &#8211; Bruchsal bekommt drittes &#8220;Venice Beach&#8221; 13.02.2017 &#8211; MegaGroup \u00fcbernimmt deutschen Spezialisten! 20.04.2016 &#8211; AIV \u00fcberwindet &hellip; <a href=\"https:\/\/www.depre.de\/en\/informationen\/archiv\/\" class=\"more-link\">Continue reading<span class=\"screen-reader-text\"> &#8220;Archive&#8221;<\/span><\/a><\/p>\n","protected":false},"author":16,"featured_media":0,"parent":110,"menu_order":0,"comment_status":"closed","ping_status":"closed","template":"","meta":{"footnotes":""},"class_list":["post-3662","page","type-page","status-publish","hentry"],"aioseo_notices":[],"publishpress_future_action":{"enabled":false,"date":"2026-05-01 22:42:59","action":"change-status","newStatus":"draft","terms":[],"taxonomy":"","extraData":[]},"publishpress_future_workflow_manual_trigger":{"enabledWorkflows":[]},"_links":{"self":[{"href":"https:\/\/www.depre.de\/en\/wp-json\/wp\/v2\/pages\/3662","targetHints":{"allow":["GET"]}}],"collection":[{"href":"https:\/\/www.depre.de\/en\/wp-json\/wp\/v2\/pages"}],"about":[{"href":"https:\/\/www.depre.de\/en\/wp-json\/wp\/v2\/types\/page"}],"author":[{"embeddable":true,"href":"https:\/\/www.depre.de\/en\/wp-json\/wp\/v2\/users\/16"}],"replies":[{"embeddable":true,"href":"https:\/\/www.depre.de\/en\/wp-json\/wp\/v2\/comments?post=3662"}],"version-history":[{"count":3,"href":"https:\/\/www.depre.de\/en\/wp-json\/wp\/v2\/pages\/3662\/revisions"}],"predecessor-version":[{"id":3666,"href":"https:\/\/www.depre.de\/en\/wp-json\/wp\/v2\/pages\/3662\/revisions\/3666"}],"up":[{"embeddable":true,"href":"https:\/\/www.depre.de\/en\/wp-json\/wp\/v2\/pages\/110"}],"wp:attachment":[{"href":"https:\/\/www.depre.de\/en\/wp-json\/wp\/v2\/media?parent=3662"}],"curies":[{"name":"wp","href":"https:\/\/api.w.org\/{rel}","templated":true}]}}