{"id":4330,"date":"2025-05-13T11:49:24","date_gmt":"2025-05-13T09:49:24","guid":{"rendered":"https:\/\/www.depre.de\/?page_id=4330"},"modified":"2025-05-13T12:14:55","modified_gmt":"2025-05-13T10:14:55","slug":"joerg-moritz","status":"publish","type":"page","link":"https:\/\/www.depre.de\/en\/joerg-moritz\/","title":{"rendered":"(Deutsch) J\u00f6rg Moritz"},"content":{"rendered":"<div id=\"pl-4330\"  class=\"panel-layout\" ><div id=\"pg-4330-0\"  class=\"panel-grid panel-has-style\" ><div class=\"topline panel-row-style panel-row-style-for-4330-0\" ><div id=\"pgc-4330-0-0\"  class=\"panel-grid-cell\" ><div id=\"panel-4330-0-0-0\" class=\"so-panel widget widget_sow-image panel-first-child panel-last-child\" data-index=\"0\" ><div\n\t\t\t\n\t\t\tclass=\"so-widget-sow-image so-widget-sow-image-default-8b5b6f678277-4330\"\n\t\t\t\n\t\t>\n<div class=\"sow-image-container\">\n\t\t<img \n\tsrc=\"https:\/\/www.depre.de\/wp-content\/uploads\/2025\/05\/95427-Moritz-768x1075.jpg\" width=\"768\" height=\"1075\" srcset=\"https:\/\/www.depre.de\/wp-content\/uploads\/2025\/05\/95427-Moritz-768x1075.jpg 768w, https:\/\/www.depre.de\/wp-content\/uploads\/2025\/05\/95427-Moritz-214x300.jpg 214w, https:\/\/www.depre.de\/wp-content\/uploads\/2025\/05\/95427-Moritz-731x1024.jpg 731w, https:\/\/www.depre.de\/wp-content\/uploads\/2025\/05\/95427-Moritz-1097x1536.jpg 1097w, https:\/\/www.depre.de\/wp-content\/uploads\/2025\/05\/95427-Moritz-1463x2048.jpg 1463w, https:\/\/www.depre.de\/wp-content\/uploads\/2025\/05\/95427-Moritz-scaled.jpg 1828w\" sizes=\"(max-width: 768px) 85vw, 768px\" title=\"95427 Moritz\" alt=\"\" \t\tclass=\"so-widget-image\"\/>\n\t<\/div>\n\n<\/div><\/div><\/div><div id=\"pgc-4330-0-1\"  class=\"panel-grid-cell\" ><div id=\"panel-4330-0-1-0\" class=\"so-panel widget widget_sow-editor panel-first-child panel-last-child\" data-index=\"1\" ><div\n\t\t\t\n\t\t\tclass=\"so-widget-sow-editor so-widget-sow-editor-base\"\n\t\t\t\n\t\t>\n<div class=\"siteorigin-widget-tinymce textwidget\">\n\t<\/p>\n<h4>J\u00f6rg Moritz<\/h4>\n<p>E-Mail: <a href=\"mailto:joerg&#46;moritz&#64;depr&#101;&#46;&#100;&#101;\">&#106;&#x6f;e&#114;&#x67;&#46;&#109;&#x6f;r&#105;&#x74;z&#64;&#x64;&#101;&#x70;&#x72;&#101;&#x2e;&#x64;&#101;<\/a><\/p>\n<\/div>\n<\/div><\/div><\/div><\/div><\/div><div id=\"pg-4330-1\"  class=\"panel-grid panel-no-style\" ><div id=\"pgc-4330-1-0\"  class=\"panel-grid-cell\" ><div id=\"panel-4330-1-0-0\" class=\"so-panel widget widget_sow-editor panel-first-child panel-last-child\" data-index=\"2\" ><div\n\t\t\t\n\t\t\tclass=\"so-widget-sow-editor so-widget-sow-editor-base\"\n\t\t\t\n\t\t>\n<div class=\"siteorigin-widget-tinymce textwidget\">\n\t<h2>J\u00f6rg Moritz \u2014 Profile<\/h2>\n<ul>\n<li>Zulassung seit 2006\/li>\n\t<\/li>\n<li>Studium der Rechtswissenschaften an der Universit\u00e4t Heidelberg, Referendariat u. a. beim OLG Frankfurt a. M. und beim Regierungspr\u00e4sidium Darmstadt (Datenschutzbeh\u00f6rde)<\/li>\n<li>Langj\u00e4hrige bundesweite Prozesst\u00e4tigkeit f\u00fcr Versicherer<\/li>\n<li>Weiterer Schwerpunkt im IT- und Medienrecht sowie Immobilienrecht<\/li>\n<li>Mitglied im Mannheimer Anwaltsverein<\/li>\n<li>Mitglied der Arbeitsgemeinschaft Insolvenzrecht und Sanierung und der Arbeitsgruppe Zwangsverwaltung im Deutschen Anwaltverein<\/li>\n<li>Autor f\u00fcr das Steuerberater Branchenhandbuch (Stollfu\u00dfverlag Bonn) \u2013 Gewerbliche und berufliche Besonderheiten zu Steuern Wirtschaft Recht \u2013 Branche: Werbeagentur (seit der 95. Erg\u00e4nzungslieferung)\n<\/li>\n<\/ul>\n<\/div>\n<\/div><\/div><\/div><\/div><\/div>","protected":false},"excerpt":{"rendered":"<p>J\u00f6rg Moritz E-Mail: &#x6a;&#x6f;&#x65;&#x72;&#x67;&#x2e;&#109;&#111;&#114;&#105;tz&#64;d&#x65;&#x70;&#x72;&#x65;&#x2e;&#x64;&#101; J\u00f6rg Moritz \u2014 Profile Zulassung seit 2006\/li> Studium der Rechtswissenschaften an der Universit\u00e4t Heidelberg, Referendariat u. a. beim OLG Frankfurt a. M. und beim Regierungspr\u00e4sidium Darmstadt (Datenschutzbeh\u00f6rde) Langj\u00e4hrige bundesweite Prozesst\u00e4tigkeit f\u00fcr Versicherer Weiterer Schwerpunkt im IT- und Medienrecht sowie Immobilienrecht Mitglied im Mannheimer Anwaltsverein Mitglied der Arbeitsgemeinschaft Insolvenzrecht und Sanierung und &hellip; <a href=\"https:\/\/www.depre.de\/en\/joerg-moritz\/\" class=\"more-link\">Continue reading<span class=\"screen-reader-text\"> &#8220;(Deutsch) J\u00f6rg Moritz&#8221;<\/span><\/a><\/p>\n","protected":false},"author":19,"featured_media":0,"parent":0,"menu_order":0,"comment_status":"closed","ping_status":"closed","template":"","meta":{"footnotes":""},"class_list":["post-4330","page","type-page","status-publish","hentry"],"aioseo_notices":[],"publishpress_future_action":{"enabled":false,"date":"2026-05-01 17:28:54","action":"change-status","newStatus":"draft","terms":[],"taxonomy":"","extraData":[]},"publishpress_future_workflow_manual_trigger":{"enabledWorkflows":[]},"_links":{"self":[{"href":"https:\/\/www.depre.de\/en\/wp-json\/wp\/v2\/pages\/4330","targetHints":{"allow":["GET"]}}],"collection":[{"href":"https:\/\/www.depre.de\/en\/wp-json\/wp\/v2\/pages"}],"about":[{"href":"https:\/\/www.depre.de\/en\/wp-json\/wp\/v2\/types\/page"}],"author":[{"embeddable":true,"href":"https:\/\/www.depre.de\/en\/wp-json\/wp\/v2\/users\/19"}],"replies":[{"embeddable":true,"href":"https:\/\/www.depre.de\/en\/wp-json\/wp\/v2\/comments?post=4330"}],"version-history":[{"count":13,"href":"https:\/\/www.depre.de\/en\/wp-json\/wp\/v2\/pages\/4330\/revisions"}],"predecessor-version":[{"id":4346,"href":"https:\/\/www.depre.de\/en\/wp-json\/wp\/v2\/pages\/4330\/revisions\/4346"}],"wp:attachment":[{"href":"https:\/\/www.depre.de\/en\/wp-json\/wp\/v2\/media?parent=4330"}],"curies":[{"name":"wp","href":"https:\/\/api.w.org\/{rel}","templated":true}]}}